{"id":24,"date":"2021-01-30T00:33:30","date_gmt":"2021-01-30T00:33:30","guid":{"rendered":"https:\/\/new.flutra.com\/?page_id=24"},"modified":"2024-12-28T11:17:28","modified_gmt":"2024-12-28T11:17:28","slug":"google-profile","status":"publish","type":"page","link":"https:\/\/flutra.com\/de\/google-profile\/","title":{"rendered":"Google Profile"},"content":{"rendered":"<div data-elementor-type=\"wp-page\" data-elementor-id=\"24\" class=\"elementor elementor-24\" data-elementor-post-type=\"page\">\n\t\t\t\t\t\t<section class=\"elementor-section elementor-top-section elementor-element elementor-element-7281e52d elementor-section-boxed elementor-section-height-default elementor-section-height-default\" data-id=\"7281e52d\" data-element_type=\"section\" data-e-type=\"section\" data-settings=\"{&quot;background_background&quot;:&quot;classic&quot;}\">\n\t\t\t\t\t\t\t<div class=\"elementor-background-overlay\"><\/div>\n\t\t\t\t\t\t\t<div class=\"elementor-container elementor-column-gap-default\">\n\t\t\t\t\t<div class=\"elementor-column elementor-col-100 elementor-top-column elementor-element elementor-element-114f62d3\" data-id=\"114f62d3\" data-element_type=\"column\" data-e-type=\"column\">\n\t\t\t<div class=\"elementor-widget-wrap elementor-element-populated\">\n\t\t\t\t\t\t<div class=\"elementor-element elementor-element-21fd60b0 elementor-widget elementor-widget-heading\" data-id=\"21fd60b0\" data-element_type=\"widget\" data-e-type=\"widget\" data-widget_type=\"heading.default\">\n\t\t\t\t<div class=\"elementor-widget-container\">\n\t\t\t\t\t<h1 class=\"elementor-heading-title elementor-size-default\">Google Profile<\/h1>\t\t\t\t<\/div>\n\t\t\t\t<\/div>\n\t\t\t\t\t<\/div>\n\t\t<\/div>\n\t\t\t\t\t<\/div>\n\t\t<\/section>\n\t\t\t\t<section class=\"elementor-section elementor-top-section elementor-element elementor-element-33d9b15c elementor-section-boxed elementor-section-height-default elementor-section-height-default\" data-id=\"33d9b15c\" data-element_type=\"section\" data-e-type=\"section\" data-settings=\"{&quot;background_background&quot;:&quot;classic&quot;}\">\n\t\t\t\t\t\t<div class=\"elementor-container elementor-column-gap-default\">\n\t\t\t\t\t<div class=\"elementor-column elementor-col-50 elementor-top-column elementor-element elementor-element-11a05826\" data-id=\"11a05826\" data-element_type=\"column\" data-e-type=\"column\">\n\t\t\t<div class=\"elementor-widget-wrap elementor-element-populated\">\n\t\t\t\t\t\t<div class=\"elementor-element elementor-element-3b04cf83 elementor-widget elementor-widget-heading\" data-id=\"3b04cf83\" data-element_type=\"widget\" data-e-type=\"widget\" data-widget_type=\"heading.default\">\n\t\t\t\t<div class=\"elementor-widget-container\">\n\t\t\t\t\t<h2 class=\"elementor-heading-title elementor-size-default\">Gewerbeanmeldung auf Google Business<\/h2>\t\t\t\t<\/div>\n\t\t\t\t<\/div>\n\t\t\t\t<div class=\"elementor-element elementor-element-f3ef60e elementor-widget elementor-widget-text-editor\" data-id=\"f3ef60e\" data-element_type=\"widget\" data-e-type=\"widget\" data-widget_type=\"text-editor.default\">\n\t\t\t\t<div class=\"elementor-widget-container\">\n\t\t\t\t\t\t\t\t\t<p>Optimieren Sie Ihre Online-Pr\u00e4senz, indem Sie sich bei Google Business registrieren. Wir bieten dir:<\/p>\t\t\t\t\t\t\t\t<\/div>\n\t\t\t\t<\/div>\n\t\t\t\t<div class=\"elementor-element elementor-element-6b46de3 elementor-position-inline-start elementor-view-default elementor-mobile-position-block-start elementor-invisible elementor-widget elementor-widget-icon-box\" data-id=\"6b46de3\" data-element_type=\"widget\" data-e-type=\"widget\" data-settings=\"{&quot;_animation&quot;:&quot;fadeInUp&quot;}\" data-widget_type=\"icon-box.default\">\n\t\t\t\t<div class=\"elementor-widget-container\">\n\t\t\t\t\t\t\t<div class=\"elementor-icon-box-wrapper\">\n\n\t\t\t\t\t\t<div class=\"elementor-icon-box-icon\">\n\t\t\t\t<span  class=\"elementor-icon\">\n\t\t\t\t<i aria-hidden=\"true\" class=\"fas fa-check-circle\"><\/i>\t\t\t\t<\/span>\n\t\t\t<\/div>\n\t\t\t\n\t\t\t\t\t\t<div class=\"elementor-icon-box-content\">\n\n\t\t\t\t\t\t\t\t\t<h5 class=\"elementor-icon-box-title\">\n\t\t\t\t\t\t<span  >\n\t\t\t\t\t\t\tProfilregistrierung\t\t\t\t\t\t<\/span>\n\t\t\t\t\t<\/h5>\n\t\t\t\t\n\t\t\t\t\t\t\t\t\t<p class=\"elementor-icon-box-description\">\n\t\t\t\t\t\tErstellen Sie ein ausdrucksstarkes Profil f\u00fcr Ihr Unternehmen bei Google.\t\t\t\t\t<\/p>\n\t\t\t\t\n\t\t\t<\/div>\n\t\t\t\n\t\t<\/div>\n\t\t\t\t\t\t<\/div>\n\t\t\t\t<\/div>\n\t\t\t\t<div class=\"elementor-element elementor-element-1f9fe0c elementor-position-inline-start elementor-view-default elementor-mobile-position-block-start elementor-invisible elementor-widget elementor-widget-icon-box\" data-id=\"1f9fe0c\" data-element_type=\"widget\" data-e-type=\"widget\" data-settings=\"{&quot;_animation&quot;:&quot;fadeInUp&quot;}\" data-widget_type=\"icon-box.default\">\n\t\t\t\t<div class=\"elementor-widget-container\">\n\t\t\t\t\t\t\t<div class=\"elementor-icon-box-wrapper\">\n\n\t\t\t\t\t\t<div class=\"elementor-icon-box-icon\">\n\t\t\t\t<span  class=\"elementor-icon\">\n\t\t\t\t<i aria-hidden=\"true\" class=\"fas fa-check-circle\"><\/i>\t\t\t\t<\/span>\n\t\t\t<\/div>\n\t\t\t\n\t\t\t\t\t\t<div class=\"elementor-icon-box-content\">\n\n\t\t\t\t\t\t\t\t\t<h5 class=\"elementor-icon-box-title\">\n\t\t\t\t\t\t<span  >\n\t\t\t\t\t\t\tRegistrierung auf Google Maps\t\t\t\t\t\t<\/span>\n\t\t\t\t\t<\/h5>\n\t\t\t\t\n\t\t\t\t\t\t\t\t\t<p class=\"elementor-icon-box-description\">\n\t\t\t\t\t\tWerden Sie f\u00fcr Ihre Kunden auf Google Maps sichtbar und erh\u00f6hen Sie so Ihre lokale Sichtbarkeit.\t\t\t\t\t<\/p>\n\t\t\t\t\n\t\t\t<\/div>\n\t\t\t\n\t\t<\/div>\n\t\t\t\t\t\t<\/div>\n\t\t\t\t<\/div>\n\t\t\t\t<div class=\"elementor-element elementor-element-227d01a elementor-position-inline-start elementor-view-default elementor-mobile-position-block-start elementor-invisible elementor-widget elementor-widget-icon-box\" data-id=\"227d01a\" data-element_type=\"widget\" data-e-type=\"widget\" data-settings=\"{&quot;_animation&quot;:&quot;fadeInUp&quot;}\" data-widget_type=\"icon-box.default\">\n\t\t\t\t<div class=\"elementor-widget-container\">\n\t\t\t\t\t\t\t<div class=\"elementor-icon-box-wrapper\">\n\n\t\t\t\t\t\t<div class=\"elementor-icon-box-icon\">\n\t\t\t\t<span  class=\"elementor-icon\">\n\t\t\t\t<i aria-hidden=\"true\" class=\"fas fa-check-circle\"><\/i>\t\t\t\t<\/span>\n\t\t\t<\/div>\n\t\t\t\n\t\t\t\t\t\t<div class=\"elementor-icon-box-content\">\n\n\t\t\t\t\t\t\t\t\t<h5 class=\"elementor-icon-box-title\">\n\t\t\t\t\t\t<span  >\n\t\t\t\t\t\t\tHilfe und Unterst\u00fctzung\t\t\t\t\t\t<\/span>\n\t\t\t\t\t<\/h5>\n\t\t\t\t\n\t\t\t\t\t\t\t\t\t<p class=\"elementor-icon-box-description\">\n\t\t\t\t\t\tUnser Team hilft Ihnen gerne bei jedem Schritt der Registrierung und Verwaltung Ihres Profils.\t\t\t\t\t<\/p>\n\t\t\t\t\n\t\t\t<\/div>\n\t\t\t\n\t\t<\/div>\n\t\t\t\t\t\t<\/div>\n\t\t\t\t<\/div>\n\t\t\t\t<div class=\"elementor-element elementor-element-48b54130 elementor-widget elementor-widget-text-editor\" data-id=\"48b54130\" data-element_type=\"widget\" data-e-type=\"widget\" data-widget_type=\"text-editor.default\">\n\t\t\t\t<div class=\"elementor-widget-container\">\n\t\t\t\t\t\t\t\t\t<p>Die Registrierung bei Google Business ist der richtige Schritt zu einem erfolgreichen Online-Auftritt!<\/p>\t\t\t\t\t\t\t\t<\/div>\n\t\t\t\t<\/div>\n\t\t\t\t\t<\/div>\n\t\t<\/div>\n\t\t\t\t<div class=\"elementor-column elementor-col-50 elementor-top-column elementor-element elementor-element-d8efe55 elementor-hidden-tablet elementor-hidden-mobile\" data-id=\"d8efe55\" data-element_type=\"column\" data-e-type=\"column\" data-settings=\"{&quot;background_background&quot;:&quot;classic&quot;}\">\n\t\t\t<div class=\"elementor-widget-wrap elementor-element-populated\">\n\t\t\t\t\t\t<div class=\"elementor-element elementor-element-9a5f9ed elementor-widget elementor-widget-spacer\" data-id=\"9a5f9ed\" data-element_type=\"widget\" data-e-type=\"widget\" data-widget_type=\"spacer.default\">\n\t\t\t\t<div class=\"elementor-widget-container\">\n\t\t\t\t\t\t\t<div class=\"elementor-spacer\">\n\t\t\t<div class=\"elementor-spacer-inner\"><\/div>\n\t\t<\/div>\n\t\t\t\t\t\t<\/div>\n\t\t\t\t<\/div>\n\t\t\t\t\t<\/div>\n\t\t<\/div>\n\t\t\t\t\t<\/div>\n\t\t<\/section>\n\t\t\t\t<section class=\"elementor-section elementor-top-section elementor-element elementor-element-8cc789f elementor-section-content-middle elementor-section-boxed elementor-section-height-default elementor-section-height-default\" data-id=\"8cc789f\" data-element_type=\"section\" data-e-type=\"section\" data-settings=\"{&quot;background_background&quot;:&quot;classic&quot;}\">\n\t\t\t\t\t\t\t<div class=\"elementor-background-overlay\"><\/div>\n\t\t\t\t\t\t\t<div class=\"elementor-container elementor-column-gap-default\">\n\t\t\t\t\t<div class=\"elementor-column elementor-col-50 elementor-top-column elementor-element elementor-element-c5c1cc6\" data-id=\"c5c1cc6\" data-element_type=\"column\" data-e-type=\"column\">\n\t\t\t<div class=\"elementor-widget-wrap elementor-element-populated\">\n\t\t\t\t\t\t<div class=\"elementor-element elementor-element-d141853 elementor-invisible elementor-widget elementor-widget-heading\" data-id=\"d141853\" data-element_type=\"widget\" data-e-type=\"widget\" data-settings=\"{&quot;_animation&quot;:&quot;fadeInUp&quot;}\" data-widget_type=\"heading.default\">\n\t\t\t\t<div class=\"elementor-widget-container\">\n\t\t\t\t\t<h2 class=\"elementor-heading-title elementor-size-default\">Bestellen Sie jetzt Ihren Service!<\/h2>\t\t\t\t<\/div>\n\t\t\t\t<\/div>\n\t\t\t\t<div class=\"elementor-element elementor-element-44b752a elementor-invisible elementor-widget elementor-widget-text-editor\" data-id=\"44b752a\" data-element_type=\"widget\" data-e-type=\"widget\" data-settings=\"{&quot;_animation&quot;:&quot;fadeInUp&quot;}\" data-widget_type=\"text-editor.default\">\n\t\t\t\t<div class=\"elementor-widget-container\">\n\t\t\t\t\t\t\t\t\t<p>Kontaktieren Sie uns jetzt, um Ihr Projekt zu starten. Unser engagiertes Team ist bereit, Ihre Ideen in die digitale Realit\u00e4t umzusetzen.<\/p>\t\t\t\t\t\t\t\t<\/div>\n\t\t\t\t<\/div>\n\t\t\t\t\t<\/div>\n\t\t<\/div>\n\t\t\t\t<div class=\"elementor-column elementor-col-50 elementor-top-column elementor-element elementor-element-99c4dc1\" data-id=\"99c4dc1\" data-element_type=\"column\" data-e-type=\"column\">\n\t\t\t<div class=\"elementor-widget-wrap elementor-element-populated\">\n\t\t\t\t\t\t<div class=\"elementor-element elementor-element-8b4b22a elementor-align-right elementor-tablet-align-left elementor-mobile-align-center elementor-widget elementor-widget-button\" data-id=\"8b4b22a\" data-element_type=\"widget\" data-e-type=\"widget\" data-widget_type=\"button.default\">\n\t\t\t\t<div class=\"elementor-widget-container\">\n\t\t\t\t\t\t\t\t\t<div class=\"elementor-button-wrapper\">\n\t\t\t\t\t<a class=\"elementor-button elementor-button-link elementor-size-xl elementor-animation-float\" href=\"https:\/\/flutra.com\/de\/kontakti\/\">\n\t\t\t\t\t\t<span class=\"elementor-button-content-wrapper\">\n\t\t\t\t\t\t\t\t\t<span class=\"elementor-button-text\">Jetzt kontaktieren<\/span>\n\t\t\t\t\t<\/span>\n\t\t\t\t\t<\/a>\n\t\t\t\t<\/div>\n\t\t\t\t\t\t\t\t<\/div>\n\t\t\t\t<\/div>\n\t\t\t\t\t<\/div>\n\t\t<\/div>\n\t\t\t\t\t<\/div>\n\t\t<\/section>\n\t\t\t\t<\/div>","protected":false},"excerpt":{"rendered":"<p>Google Profile Regjistrimi i biznesit n\u00eb Google Business Optimizoni prezenc\u00ebn tuaj online duke u regjistruar n\u00eb Google Business. Ne ju ofrojm\u00eb: Regjistrim i Profilit Hapni nj\u00eb profil t\u00eb fuqish\u00ebm p\u00ebr biznesin tuaj n\u00eb Google. Regjistrim n\u00eb Google Maps B\u00ebhuni i duksh\u00ebm p\u00ebr klient\u00ebt tuaj n\u00eb Google Maps, duke rritur gjetjen tuaj lokal. Ndihm\u00eb dhe Mb\u00ebshtetje [&hellip;]<\/p>\n","protected":false},"author":1,"featured_media":2245,"parent":0,"menu_order":0,"comment_status":"closed","ping_status":"closed","template":"","meta":{"inline_featured_image":false,"footnotes":""},"class_list":["post-24","page","type-page","status-publish","has-post-thumbnail","hentry"],"yoast_head":"<!-- This site is optimized with the Yoast SEO Premium plugin v26.8 (Yoast SEO v27.5) - https:\/\/yoast.com\/product\/yoast-seo-premium-wordpress\/ -->\n<title>Domain &amp; Web Hosting .com .ch .de - Flutra Webs<\/title>\n<meta name=\"description\" content=\"Ofrojme Domaine dhe Web Hosting .com .ch .de etj per klient tone nga Kosova, Zvicrra, Gjermania etj. Na kontaktoni 049-498-709 Prishtine, Kosove\" \/>\n<meta name=\"robots\" content=\"index, follow, max-snippet:-1, max-image-preview:large, max-video-preview:-1\" \/>\n<link rel=\"canonical\" href=\"https:\/\/flutra.com\/de\/google-profile\/\" \/>\n<meta property=\"og:locale\" content=\"de_DE\" \/>\n<meta property=\"og:type\" content=\"article\" \/>\n<meta property=\"og:title\" content=\"Google Profile\" \/>\n<meta property=\"og:description\" content=\"Ofrojme Domaine dhe Web Hosting .com .ch .de etj per klient tone nga Kosova, Zvicrra, Gjermania etj. Na kontaktoni 049-498-709 Prishtine, Kosove\" \/>\n<meta property=\"og:url\" content=\"https:\/\/flutra.com\/de\/google-profile\/\" \/>\n<meta property=\"og:site_name\" content=\"Flutra Webs\" \/>\n<meta property=\"article:publisher\" content=\"https:\/\/facebook.com\/flutrawebs\" \/>\n<meta property=\"article:modified_time\" content=\"2024-12-28T11:17:28+00:00\" \/>\n<meta property=\"og:image\" content=\"https:\/\/flutra.com\/new\/wp-content\/uploads\/2024\/02\/011.jpg\" \/>\n\t<meta property=\"og:image:width\" content=\"1995\" \/>\n\t<meta property=\"og:image:height\" content=\"1995\" \/>\n\t<meta property=\"og:image:type\" content=\"image\/jpeg\" \/>\n<meta name=\"twitter:card\" content=\"summary_large_image\" \/>\n<meta name=\"twitter:label1\" content=\"Gesch\u00e4tzte Lesezeit\" \/>\n\t<meta name=\"twitter:data1\" content=\"1\u00a0Minute\" \/>\n<script type=\"application\/ld+json\" class=\"yoast-schema-graph\">{\"@context\":\"https:\\\/\\\/schema.org\",\"@graph\":[{\"@type\":\"WebPage\",\"@id\":\"https:\\\/\\\/flutra.com\\\/google-profile\\\/\",\"url\":\"https:\\\/\\\/flutra.com\\\/google-profile\\\/\",\"name\":\"Domain & Web Hosting .com .ch .de - Flutra Webs\",\"isPartOf\":{\"@id\":\"https:\\\/\\\/flutra.com\\\/#website\"},\"primaryImageOfPage\":{\"@id\":\"https:\\\/\\\/flutra.com\\\/google-profile\\\/#primaryimage\"},\"image\":{\"@id\":\"https:\\\/\\\/flutra.com\\\/google-profile\\\/#primaryimage\"},\"thumbnailUrl\":\"https:\\\/\\\/flutra.com\\\/new\\\/wp-content\\\/uploads\\\/2024\\\/02\\\/011.jpg\",\"datePublished\":\"2021-01-30T00:33:30+00:00\",\"dateModified\":\"2024-12-28T11:17:28+00:00\",\"description\":\"Ofrojme Domaine dhe Web Hosting .com .ch .de etj per klient tone nga Kosova, Zvicrra, Gjermania etj. Na kontaktoni 049-498-709 Prishtine, Kosove\",\"breadcrumb\":{\"@id\":\"https:\\\/\\\/flutra.com\\\/google-profile\\\/#breadcrumb\"},\"inLanguage\":\"de\",\"potentialAction\":[{\"@type\":\"ReadAction\",\"target\":[\"https:\\\/\\\/flutra.com\\\/google-profile\\\/\"]}]},{\"@type\":\"ImageObject\",\"inLanguage\":\"de\",\"@id\":\"https:\\\/\\\/flutra.com\\\/google-profile\\\/#primaryimage\",\"url\":\"https:\\\/\\\/flutra.com\\\/new\\\/wp-content\\\/uploads\\\/2024\\\/02\\\/011.jpg\",\"contentUrl\":\"https:\\\/\\\/flutra.com\\\/new\\\/wp-content\\\/uploads\\\/2024\\\/02\\\/011.jpg\",\"width\":1995,\"height\":1995},{\"@type\":\"BreadcrumbList\",\"@id\":\"https:\\\/\\\/flutra.com\\\/google-profile\\\/#breadcrumb\",\"itemListElement\":[{\"@type\":\"ListItem\",\"position\":1,\"name\":\"Home\",\"item\":\"https:\\\/\\\/flutra.com\\\/\"},{\"@type\":\"ListItem\",\"position\":2,\"name\":\"Google Profile\"}]},{\"@type\":\"WebSite\",\"@id\":\"https:\\\/\\\/flutra.com\\\/#website\",\"url\":\"https:\\\/\\\/flutra.com\\\/\",\"name\":\"Flutra Webs\",\"description\":\"Web faqe profesionale, hosting, logo dizajn\",\"publisher\":{\"@id\":\"https:\\\/\\\/flutra.com\\\/#organization\"},\"potentialAction\":[{\"@type\":\"SearchAction\",\"target\":{\"@type\":\"EntryPoint\",\"urlTemplate\":\"https:\\\/\\\/flutra.com\\\/?s={search_term_string}\"},\"query-input\":{\"@type\":\"PropertyValueSpecification\",\"valueRequired\":true,\"valueName\":\"search_term_string\"}}],\"inLanguage\":\"de\"},{\"@type\":\"Organization\",\"@id\":\"https:\\\/\\\/flutra.com\\\/#organization\",\"name\":\"Flutra Webs\",\"url\":\"https:\\\/\\\/flutra.com\\\/\",\"logo\":{\"@type\":\"ImageObject\",\"inLanguage\":\"de\",\"@id\":\"https:\\\/\\\/flutra.com\\\/#\\\/schema\\\/logo\\\/image\\\/\",\"url\":\"https:\\\/\\\/flutra.com\\\/new\\\/wp-content\\\/uploads\\\/2021\\\/01\\\/flutra-new-logo-small.png\",\"contentUrl\":\"https:\\\/\\\/flutra.com\\\/new\\\/wp-content\\\/uploads\\\/2021\\\/01\\\/flutra-new-logo-small.png\",\"width\":800,\"height\":327,\"caption\":\"Flutra Webs\"},\"image\":{\"@id\":\"https:\\\/\\\/flutra.com\\\/#\\\/schema\\\/logo\\\/image\\\/\"},\"sameAs\":[\"https:\\\/\\\/facebook.com\\\/flutrawebs\"]}]}<\/script>\n<!-- \/ Yoast SEO Premium plugin. -->","yoast_head_json":{"title":"Domain & Web Hosting .com .ch .de - Flutra Webs","description":"Ofrojme Domaine dhe Web Hosting .com .ch .de etj per klient tone nga Kosova, Zvicrra, Gjermania etj. Na kontaktoni 049-498-709 Prishtine, Kosove","robots":{"index":"index","follow":"follow","max-snippet":"max-snippet:-1","max-image-preview":"max-image-preview:large","max-video-preview":"max-video-preview:-1"},"canonical":"https:\/\/flutra.com\/de\/google-profile\/","og_locale":"de_DE","og_type":"article","og_title":"Google Profile","og_description":"Ofrojme Domaine dhe Web Hosting .com .ch .de etj per klient tone nga Kosova, Zvicrra, Gjermania etj. Na kontaktoni 049-498-709 Prishtine, Kosove","og_url":"https:\/\/flutra.com\/de\/google-profile\/","og_site_name":"Flutra Webs","article_publisher":"https:\/\/facebook.com\/flutrawebs","article_modified_time":"2024-12-28T11:17:28+00:00","og_image":[{"width":1995,"height":1995,"url":"https:\/\/flutra.com\/new\/wp-content\/uploads\/2024\/02\/011.jpg","type":"image\/jpeg"}],"twitter_card":"summary_large_image","twitter_misc":{"Gesch\u00e4tzte Lesezeit":"1\u00a0Minute"},"schema":{"@context":"https:\/\/schema.org","@graph":[{"@type":"WebPage","@id":"https:\/\/flutra.com\/google-profile\/","url":"https:\/\/flutra.com\/google-profile\/","name":"Domain & Web Hosting .com .ch .de - Flutra Webs","isPartOf":{"@id":"https:\/\/flutra.com\/#website"},"primaryImageOfPage":{"@id":"https:\/\/flutra.com\/google-profile\/#primaryimage"},"image":{"@id":"https:\/\/flutra.com\/google-profile\/#primaryimage"},"thumbnailUrl":"https:\/\/flutra.com\/new\/wp-content\/uploads\/2024\/02\/011.jpg","datePublished":"2021-01-30T00:33:30+00:00","dateModified":"2024-12-28T11:17:28+00:00","description":"Ofrojme Domaine dhe Web Hosting .com .ch .de etj per klient tone nga Kosova, Zvicrra, Gjermania etj. Na kontaktoni 049-498-709 Prishtine, Kosove","breadcrumb":{"@id":"https:\/\/flutra.com\/google-profile\/#breadcrumb"},"inLanguage":"de","potentialAction":[{"@type":"ReadAction","target":["https:\/\/flutra.com\/google-profile\/"]}]},{"@type":"ImageObject","inLanguage":"de","@id":"https:\/\/flutra.com\/google-profile\/#primaryimage","url":"https:\/\/flutra.com\/new\/wp-content\/uploads\/2024\/02\/011.jpg","contentUrl":"https:\/\/flutra.com\/new\/wp-content\/uploads\/2024\/02\/011.jpg","width":1995,"height":1995},{"@type":"BreadcrumbList","@id":"https:\/\/flutra.com\/google-profile\/#breadcrumb","itemListElement":[{"@type":"ListItem","position":1,"name":"Home","item":"https:\/\/flutra.com\/"},{"@type":"ListItem","position":2,"name":"Google Profile"}]},{"@type":"WebSite","@id":"https:\/\/flutra.com\/#website","url":"https:\/\/flutra.com\/","name":"Flutra Webs","description":"Web faqe profesionale, hosting, logo dizajn","publisher":{"@id":"https:\/\/flutra.com\/#organization"},"potentialAction":[{"@type":"SearchAction","target":{"@type":"EntryPoint","urlTemplate":"https:\/\/flutra.com\/?s={search_term_string}"},"query-input":{"@type":"PropertyValueSpecification","valueRequired":true,"valueName":"search_term_string"}}],"inLanguage":"de"},{"@type":"Organization","@id":"https:\/\/flutra.com\/#organization","name":"Flutra Webs","url":"https:\/\/flutra.com\/","logo":{"@type":"ImageObject","inLanguage":"de","@id":"https:\/\/flutra.com\/#\/schema\/logo\/image\/","url":"https:\/\/flutra.com\/new\/wp-content\/uploads\/2021\/01\/flutra-new-logo-small.png","contentUrl":"https:\/\/flutra.com\/new\/wp-content\/uploads\/2021\/01\/flutra-new-logo-small.png","width":800,"height":327,"caption":"Flutra Webs"},"image":{"@id":"https:\/\/flutra.com\/#\/schema\/logo\/image\/"},"sameAs":["https:\/\/facebook.com\/flutrawebs"]}]}},"_links":{"self":[{"href":"https:\/\/flutra.com\/de\/wp-json\/wp\/v2\/pages\/24","targetHints":{"allow":["GET"]}}],"collection":[{"href":"https:\/\/flutra.com\/de\/wp-json\/wp\/v2\/pages"}],"about":[{"href":"https:\/\/flutra.com\/de\/wp-json\/wp\/v2\/types\/page"}],"author":[{"embeddable":true,"href":"https:\/\/flutra.com\/de\/wp-json\/wp\/v2\/users\/1"}],"replies":[{"embeddable":true,"href":"https:\/\/flutra.com\/de\/wp-json\/wp\/v2\/comments?post=24"}],"version-history":[{"count":5,"href":"https:\/\/flutra.com\/de\/wp-json\/wp\/v2\/pages\/24\/revisions"}],"predecessor-version":[{"id":2363,"href":"https:\/\/flutra.com\/de\/wp-json\/wp\/v2\/pages\/24\/revisions\/2363"}],"wp:featuredmedia":[{"embeddable":true,"href":"https:\/\/flutra.com\/de\/wp-json\/wp\/v2\/media\/2245"}],"wp:attachment":[{"href":"https:\/\/flutra.com\/de\/wp-json\/wp\/v2\/media?parent=24"}],"curies":[{"name":"wp","href":"https:\/\/api.w.org\/{rel}","templated":true}]}}