{"id":26,"date":"2021-01-30T00:33:44","date_gmt":"2021-01-30T00:33:44","guid":{"rendered":"https:\/\/new.flutra.com\/?page_id=26"},"modified":"2024-12-28T11:29:27","modified_gmt":"2024-12-28T11:29:27","slug":"logo-dizajn","status":"publish","type":"page","link":"https:\/\/flutra.com\/de\/logo-dizajn\/","title":{"rendered":"Logo Design"},"content":{"rendered":"<div data-elementor-type=\"wp-page\" data-elementor-id=\"26\" class=\"elementor elementor-26\" data-elementor-post-type=\"page\">\n\t\t\t\t\t\t<section class=\"elementor-section elementor-top-section elementor-element elementor-element-5882198 elementor-section-boxed elementor-section-height-default elementor-section-height-default\" data-id=\"5882198\" data-element_type=\"section\" data-e-type=\"section\" data-settings=\"{&quot;background_background&quot;:&quot;classic&quot;}\">\n\t\t\t\t\t\t\t<div class=\"elementor-background-overlay\"><\/div>\n\t\t\t\t\t\t\t<div class=\"elementor-container elementor-column-gap-default\">\n\t\t\t\t\t<div class=\"elementor-column elementor-col-100 elementor-top-column elementor-element elementor-element-721c8145\" data-id=\"721c8145\" data-element_type=\"column\" data-e-type=\"column\">\n\t\t\t<div class=\"elementor-widget-wrap elementor-element-populated\">\n\t\t\t\t\t\t\t<\/div>\n\t\t<\/div>\n\t\t\t\t\t<\/div>\n\t\t<\/section>\n\t\t\t\t<section class=\"elementor-section elementor-top-section elementor-element elementor-element-f55f486 elementor-section-boxed elementor-section-height-default elementor-section-height-default\" data-id=\"f55f486\" data-element_type=\"section\" data-e-type=\"section\" data-settings=\"{&quot;background_background&quot;:&quot;classic&quot;}\">\n\t\t\t\t\t\t<div class=\"elementor-container elementor-column-gap-default\">\n\t\t\t\t\t<div class=\"elementor-column elementor-col-50 elementor-top-column elementor-element elementor-element-52f8cd2\" data-id=\"52f8cd2\" data-element_type=\"column\" data-e-type=\"column\">\n\t\t\t<div class=\"elementor-widget-wrap elementor-element-populated\">\n\t\t\t\t\t\t<div class=\"elementor-element elementor-element-d3c6f6e elementor-invisible elementor-widget elementor-widget-heading\" data-id=\"d3c6f6e\" data-element_type=\"widget\" data-e-type=\"widget\" data-settings=\"{&quot;_animation&quot;:&quot;fadeInUp&quot;}\" data-widget_type=\"heading.default\">\n\t\t\t\t<div class=\"elementor-widget-container\">\n\t\t\t\t\t<h1 class=\"elementor-heading-title elementor-size-default\">Kreative Identit\u00e4t f\u00fcr Ihre Marke!<\/h1>\t\t\t\t<\/div>\n\t\t\t\t<\/div>\n\t\t\t\t<div class=\"elementor-element elementor-element-ffafc2f elementor-invisible elementor-widget elementor-widget-text-editor\" data-id=\"ffafc2f\" data-element_type=\"widget\" data-e-type=\"widget\" data-settings=\"{&quot;_animation&quot;:&quot;fadeInUp&quot;}\" data-widget_type=\"text-editor.default\">\n\t\t\t\t<div class=\"elementor-widget-container\">\n\t\t\t\t\t\t\t\t\t<p>Wir erstellen kraftvolle und wiedererkennbare Logos, die die Identit\u00e4t und Werte Ihres Unternehmens zum Ausdruck bringen.<\/p><p>Mit einem Team, das sich f\u00fcr Design begeistert, bieten wir personalisierte Dienstleistungen an, um Ihrer Marke eine einzigartige Identit\u00e4t zu verleihen.<\/p>\t\t\t\t\t\t\t\t<\/div>\n\t\t\t\t<\/div>\n\t\t\t\t\t<\/div>\n\t\t<\/div>\n\t\t\t\t<div class=\"elementor-column elementor-col-50 elementor-top-column elementor-element elementor-element-6bcc744\" data-id=\"6bcc744\" data-element_type=\"column\" data-e-type=\"column\" data-settings=\"{&quot;background_background&quot;:&quot;classic&quot;}\">\n\t\t\t<div class=\"elementor-widget-wrap elementor-element-populated\">\n\t\t\t\t\t\t<div class=\"elementor-element elementor-element-c2717ea elementor-widget elementor-widget-image\" data-id=\"c2717ea\" data-element_type=\"widget\" data-e-type=\"widget\" data-widget_type=\"image.default\">\n\t\t\t\t<div class=\"elementor-widget-container\">\n\t\t\t\t\t\t\t\t\t\t\t\t\t\t\t<img fetchpriority=\"high\" decoding=\"async\" width=\"800\" height=\"534\" src=\"https:\/\/flutra.com\/new\/wp-content\/uploads\/2024\/01\/one-two-youthful-pupils-pointing-logo-elements-touchpad-screen-during-discussion-by-desk-1024x683.jpg\" class=\"attachment-large size-large wp-image-1323\" alt=\"\" srcset=\"https:\/\/flutra.com\/new\/wp-content\/uploads\/2024\/01\/one-two-youthful-pupils-pointing-logo-elements-touchpad-screen-during-discussion-by-desk-1024x683.jpg 1024w, https:\/\/flutra.com\/new\/wp-content\/uploads\/2024\/01\/one-two-youthful-pupils-pointing-logo-elements-touchpad-screen-during-discussion-by-desk-300x200.jpg 300w, https:\/\/flutra.com\/new\/wp-content\/uploads\/2024\/01\/one-two-youthful-pupils-pointing-logo-elements-touchpad-screen-during-discussion-by-desk-768x512.jpg 768w, https:\/\/flutra.com\/new\/wp-content\/uploads\/2024\/01\/one-two-youthful-pupils-pointing-logo-elements-touchpad-screen-during-discussion-by-desk.jpg 1500w\" sizes=\"(max-width: 800px) 100vw, 800px\" \/>\t\t\t\t\t\t\t\t\t\t\t\t\t\t\t<\/div>\n\t\t\t\t<\/div>\n\t\t\t\t\t<\/div>\n\t\t<\/div>\n\t\t\t\t\t<\/div>\n\t\t<\/section>\n\t\t\t\t<section class=\"elementor-section elementor-top-section elementor-element elementor-element-5b18a10 elementor-section-boxed elementor-section-height-default elementor-section-height-default\" data-id=\"5b18a10\" data-element_type=\"section\" data-e-type=\"section\">\n\t\t\t\t\t\t<div class=\"elementor-container elementor-column-gap-default\">\n\t\t\t\t\t<div class=\"elementor-column elementor-col-100 elementor-top-column elementor-element elementor-element-562976f\" data-id=\"562976f\" data-element_type=\"column\" data-e-type=\"column\">\n\t\t\t<div class=\"elementor-widget-wrap elementor-element-populated\">\n\t\t\t\t\t\t<section class=\"elementor-section elementor-inner-section elementor-element elementor-element-2cdff9a elementor-section-boxed elementor-section-height-default elementor-section-height-default\" data-id=\"2cdff9a\" data-element_type=\"section\" data-e-type=\"section\">\n\t\t\t\t\t\t<div class=\"elementor-container elementor-column-gap-default\">\n\t\t\t\t\t<div class=\"elementor-column elementor-col-50 elementor-inner-column elementor-element elementor-element-5f2bf39\" data-id=\"5f2bf39\" data-element_type=\"column\" data-e-type=\"column\">\n\t\t\t<div class=\"elementor-widget-wrap elementor-element-populated\">\n\t\t\t\t\t\t<div class=\"elementor-element elementor-element-72b6fe0 elementor-position-inline-start elementor-view-default elementor-mobile-position-block-start elementor-invisible elementor-widget elementor-widget-icon-box\" data-id=\"72b6fe0\" data-element_type=\"widget\" data-e-type=\"widget\" data-settings=\"{&quot;_animation&quot;:&quot;fadeInUp&quot;}\" data-widget_type=\"icon-box.default\">\n\t\t\t\t<div class=\"elementor-widget-container\">\n\t\t\t\t\t\t\t<div class=\"elementor-icon-box-wrapper\">\n\n\t\t\t\t\t\t<div class=\"elementor-icon-box-icon\">\n\t\t\t\t<span  class=\"elementor-icon\">\n\t\t\t\t<i aria-hidden=\"true\" class=\"fas fa-check-circle\"><\/i>\t\t\t\t<\/span>\n\t\t\t<\/div>\n\t\t\t\n\t\t\t\t\t\t<div class=\"elementor-icon-box-content\">\n\n\t\t\t\t\t\t\t\t\t<h5 class=\"elementor-icon-box-title\">\n\t\t\t\t\t\t<span  >\n\t\t\t\t\t\t\tKreative Beratung\t\t\t\t\t\t<\/span>\n\t\t\t\t\t<\/h5>\n\t\t\t\t\n\t\t\t\t\t\t\t\t\t<p class=\"elementor-icon-box-description\">\n\t\t\t\t\t\tBeginnen Sie mit einer kreativen Beratungssitzung, in der wir Ihre Vision, Unternehmenswerte und Vorlieben erkunden, um ein Design zu erstellen, das Sie genau widerspiegelt.\t\t\t\t\t<\/p>\n\t\t\t\t\n\t\t\t<\/div>\n\t\t\t\n\t\t<\/div>\n\t\t\t\t\t\t<\/div>\n\t\t\t\t<\/div>\n\t\t\t\t<div class=\"elementor-element elementor-element-ee30a38 elementor-position-inline-start elementor-view-default elementor-mobile-position-block-start elementor-invisible elementor-widget elementor-widget-icon-box\" data-id=\"ee30a38\" data-element_type=\"widget\" data-e-type=\"widget\" data-settings=\"{&quot;_animation&quot;:&quot;fadeInUp&quot;}\" data-widget_type=\"icon-box.default\">\n\t\t\t\t<div class=\"elementor-widget-container\">\n\t\t\t\t\t\t\t<div class=\"elementor-icon-box-wrapper\">\n\n\t\t\t\t\t\t<div class=\"elementor-icon-box-icon\">\n\t\t\t\t<span  class=\"elementor-icon\">\n\t\t\t\t<i aria-hidden=\"true\" class=\"fas fa-check-circle\"><\/i>\t\t\t\t<\/span>\n\t\t\t<\/div>\n\t\t\t\n\t\t\t\t\t\t<div class=\"elementor-icon-box-content\">\n\n\t\t\t\t\t\t\t\t\t<h5 class=\"elementor-icon-box-title\">\n\t\t\t\t\t\t<span  >\n\t\t\t\t\t\t\tProzess der Zusammenarbeit\t\t\t\t\t\t<\/span>\n\t\t\t\t\t<\/h5>\n\t\t\t\t\n\t\t\t\t\t\t\t\t\t<p class=\"elementor-icon-box-description\">\n\t\t\t\t\t\tWir beziehen Sie in den Designprozess ein, geben Ihnen die M\u00f6glichkeit, Anregungen zu geben und stellen sicher, dass der Entwurf Ihren Erwartungen voll und ganz entspricht.\t\t\t\t\t<\/p>\n\t\t\t\t\n\t\t\t<\/div>\n\t\t\t\n\t\t<\/div>\n\t\t\t\t\t\t<\/div>\n\t\t\t\t<\/div>\n\t\t\t\t\t<\/div>\n\t\t<\/div>\n\t\t\t\t<div class=\"elementor-column elementor-col-50 elementor-inner-column elementor-element elementor-element-7904cdc\" data-id=\"7904cdc\" data-element_type=\"column\" data-e-type=\"column\">\n\t\t\t<div class=\"elementor-widget-wrap elementor-element-populated\">\n\t\t\t\t\t\t<div class=\"elementor-element elementor-element-d7c5e88 elementor-position-inline-start elementor-view-default elementor-mobile-position-block-start elementor-invisible elementor-widget elementor-widget-icon-box\" data-id=\"d7c5e88\" data-element_type=\"widget\" data-e-type=\"widget\" data-settings=\"{&quot;_animation&quot;:&quot;fadeInUp&quot;}\" data-widget_type=\"icon-box.default\">\n\t\t\t\t<div class=\"elementor-widget-container\">\n\t\t\t\t\t\t\t<div class=\"elementor-icon-box-wrapper\">\n\n\t\t\t\t\t\t<div class=\"elementor-icon-box-icon\">\n\t\t\t\t<span  class=\"elementor-icon\">\n\t\t\t\t<i aria-hidden=\"true\" class=\"fas fa-check-circle\"><\/i>\t\t\t\t<\/span>\n\t\t\t<\/div>\n\t\t\t\n\t\t\t\t\t\t<div class=\"elementor-icon-box-content\">\n\n\t\t\t\t\t\t\t\t\t<h5 class=\"elementor-icon-box-title\">\n\t\t\t\t\t\t<span  >\n\t\t\t\t\t\t\tLieferung erg\u00e4nzender Dateien\t\t\t\t\t\t<\/span>\n\t\t\t\t\t<\/h5>\n\t\t\t\t\n\t\t\t\t\t\t\t\t\t<p class=\"elementor-icon-box-description\">\n\t\t\t\t\t\tNach Fertigstellung des Entwurfs liefern wir die erforderlichen Dateien in verschiedenen Formaten, die f\u00fcr Print, Web und andere Medien geeignet sind.\t\t\t\t\t<\/p>\n\t\t\t\t\n\t\t\t<\/div>\n\t\t\t\n\t\t<\/div>\n\t\t\t\t\t\t<\/div>\n\t\t\t\t<\/div>\n\t\t\t\t<div class=\"elementor-element elementor-element-631a1b9 elementor-position-inline-start elementor-view-default elementor-mobile-position-block-start elementor-invisible elementor-widget elementor-widget-icon-box\" data-id=\"631a1b9\" data-element_type=\"widget\" data-e-type=\"widget\" data-settings=\"{&quot;_animation&quot;:&quot;fadeInUp&quot;}\" data-widget_type=\"icon-box.default\">\n\t\t\t\t<div class=\"elementor-widget-container\">\n\t\t\t\t\t\t\t<div class=\"elementor-icon-box-wrapper\">\n\n\t\t\t\t\t\t<div class=\"elementor-icon-box-icon\">\n\t\t\t\t<span  class=\"elementor-icon\">\n\t\t\t\t<i aria-hidden=\"true\" class=\"fas fa-check-circle\"><\/i>\t\t\t\t<\/span>\n\t\t\t<\/div>\n\t\t\t\n\t\t\t\t\t\t<div class=\"elementor-icon-box-content\">\n\n\t\t\t\t\t\t\t\t\t<h5 class=\"elementor-icon-box-title\">\n\t\t\t\t\t\t<span  >\n\t\t\t\t\t\t\tEinzigartiges Design\t\t\t\t\t\t<\/span>\n\t\t\t\t\t<\/h5>\n\t\t\t\t\n\t\t\t\t\t\t\t\t\t<p class=\"elementor-icon-box-description\">\n\t\t\t\t\t\tJedes von uns erstellte Logo ist einzigartig und auf den Kunden zugeschnitten. Die Verwendung visueller Elemente, die auf Ihre Unternehmensidentit\u00e4t und -ziele abgestimmt sind, ist Teil unseres Schwerpunkts.\t\t\t\t\t<\/p>\n\t\t\t\t\n\t\t\t<\/div>\n\t\t\t\n\t\t<\/div>\n\t\t\t\t\t\t<\/div>\n\t\t\t\t<\/div>\n\t\t\t\t\t<\/div>\n\t\t<\/div>\n\t\t\t\t\t<\/div>\n\t\t<\/section>\n\t\t\t\t\t<\/div>\n\t\t<\/div>\n\t\t\t\t\t<\/div>\n\t\t<\/section>\n\t\t\t\t<section class=\"elementor-section elementor-top-section elementor-element elementor-element-60115a5 elementor-section-content-middle elementor-section-boxed elementor-section-height-default elementor-section-height-default\" data-id=\"60115a5\" data-element_type=\"section\" data-e-type=\"section\" data-settings=\"{&quot;background_background&quot;:&quot;classic&quot;}\">\n\t\t\t\t\t\t\t<div class=\"elementor-background-overlay\"><\/div>\n\t\t\t\t\t\t\t<div class=\"elementor-container elementor-column-gap-default\">\n\t\t\t\t\t<div class=\"elementor-column elementor-col-50 elementor-top-column elementor-element elementor-element-29f1715\" data-id=\"29f1715\" data-element_type=\"column\" data-e-type=\"column\">\n\t\t\t<div class=\"elementor-widget-wrap elementor-element-populated\">\n\t\t\t\t\t\t<div class=\"elementor-element elementor-element-b5a6f5f elementor-invisible elementor-widget elementor-widget-heading\" data-id=\"b5a6f5f\" data-element_type=\"widget\" data-e-type=\"widget\" data-settings=\"{&quot;_animation&quot;:&quot;fadeInUp&quot;}\" data-widget_type=\"heading.default\">\n\t\t\t\t<div class=\"elementor-widget-container\">\n\t\t\t\t\t<h2 class=\"elementor-heading-title elementor-size-default\">Bestellen Sie jetzt Ihren Service!<\/h2>\t\t\t\t<\/div>\n\t\t\t\t<\/div>\n\t\t\t\t<div class=\"elementor-element elementor-element-881c682 elementor-invisible elementor-widget elementor-widget-text-editor\" data-id=\"881c682\" data-element_type=\"widget\" data-e-type=\"widget\" data-settings=\"{&quot;_animation&quot;:&quot;fadeInUp&quot;}\" data-widget_type=\"text-editor.default\">\n\t\t\t\t<div class=\"elementor-widget-container\">\n\t\t\t\t\t\t\t\t\t<p>Kontaktieren Sie uns jetzt, um Ihr Projekt zu starten. Unser engagiertes Team ist bereit, Ihre Ideen in die digitale Realit\u00e4t umzusetzen.<\/p>\t\t\t\t\t\t\t\t<\/div>\n\t\t\t\t<\/div>\n\t\t\t\t\t<\/div>\n\t\t<\/div>\n\t\t\t\t<div class=\"elementor-column elementor-col-50 elementor-top-column elementor-element elementor-element-845e9d7\" data-id=\"845e9d7\" data-element_type=\"column\" data-e-type=\"column\">\n\t\t\t<div class=\"elementor-widget-wrap elementor-element-populated\">\n\t\t\t\t\t\t<div class=\"elementor-element elementor-element-7b284ae elementor-align-right elementor-tablet-align-left elementor-mobile-align-center elementor-widget elementor-widget-button\" data-id=\"7b284ae\" data-element_type=\"widget\" data-e-type=\"widget\" data-widget_type=\"button.default\">\n\t\t\t\t<div class=\"elementor-widget-container\">\n\t\t\t\t\t\t\t\t\t<div class=\"elementor-button-wrapper\">\n\t\t\t\t\t<a class=\"elementor-button elementor-button-link elementor-size-xl elementor-animation-float\" href=\"https:\/\/flutra.com\/de\/kontakti\/\">\n\t\t\t\t\t\t<span class=\"elementor-button-content-wrapper\">\n\t\t\t\t\t\t\t\t\t<span class=\"elementor-button-text\">Jetzt kontaktieren<\/span>\n\t\t\t\t\t<\/span>\n\t\t\t\t\t<\/a>\n\t\t\t\t<\/div>\n\t\t\t\t\t\t\t\t<\/div>\n\t\t\t\t<\/div>\n\t\t\t\t\t<\/div>\n\t\t<\/div>\n\t\t\t\t\t<\/div>\n\t\t<\/section>\n\t\t\t\t<\/div>","protected":false},"excerpt":{"rendered":"<p>Identitet Kreativ p\u00ebr Brendin Tuaj! Krijojm\u00eb logo t\u00eb fuqishme dhe t\u00eb njohura q\u00eb shprehnin identitetin dhe vlerat e biznesit tuaj. Me nj\u00eb ekip t\u00eb pasionuar p\u00ebr dizajnin, ofrojm\u00eb sh\u00ebrbime t\u00eb personalizuara p\u00ebr t\u00eb siguruar nj\u00eb identitet unik p\u00ebr brendin tuaj. Konsultim Kreativ Filloni me nj\u00eb sesion konsultimi kreativ, ku eksplorojm\u00eb vizionin tuaj, vlerat e kompanis\u00eb [&hellip;]<\/p>\n","protected":false},"author":1,"featured_media":0,"parent":0,"menu_order":0,"comment_status":"closed","ping_status":"closed","template":"","meta":{"inline_featured_image":false,"footnotes":""},"class_list":["post-26","page","type-page","status-publish","hentry"],"yoast_head":"<!-- This site is optimized with the Yoast SEO Premium plugin v26.8 (Yoast SEO v27.5) - https:\/\/yoast.com\/product\/yoast-seo-premium-wordpress\/ -->\n<title>Logo Dizajn - Flutra Webs<\/title>\n<meta name=\"description\" content=\"Flutra Webs ju ofron logo dizajne, biznes karta, broshura, postera dhe dizajne tjera grafike. +383 49498709, +383 49382639, info@flutra.com\" \/>\n<meta name=\"robots\" content=\"index, follow, max-snippet:-1, max-image-preview:large, max-video-preview:-1\" \/>\n<link rel=\"canonical\" href=\"https:\/\/flutra.com\/de\/logo-dizajn\/\" \/>\n<meta property=\"og:locale\" content=\"de_DE\" \/>\n<meta property=\"og:type\" content=\"article\" \/>\n<meta property=\"og:title\" content=\"Logo Dizajn\" \/>\n<meta property=\"og:description\" content=\"Flutra Webs ju ofron logo dizajne, biznes karta, broshura, postera dhe dizajne tjera grafike. +383 49498709, +383 49382639, info@flutra.com\" \/>\n<meta property=\"og:url\" content=\"https:\/\/flutra.com\/de\/logo-dizajn\/\" \/>\n<meta property=\"og:site_name\" content=\"Flutra Webs\" \/>\n<meta property=\"article:publisher\" content=\"https:\/\/facebook.com\/flutrawebs\" \/>\n<meta property=\"article:modified_time\" content=\"2024-12-28T11:29:27+00:00\" \/>\n<meta property=\"og:image\" content=\"https:\/\/flutra.com\/new\/wp-content\/uploads\/2024\/01\/one-two-youthful-pupils-pointing-logo-elements-touchpad-screen-during-discussion-by-desk-1024x683.jpg\" \/>\n<meta name=\"twitter:card\" content=\"summary_large_image\" \/>\n<meta name=\"twitter:label1\" content=\"Gesch\u00e4tzte Lesezeit\" \/>\n\t<meta name=\"twitter:data1\" content=\"2\u00a0Minuten\" \/>\n<script type=\"application\/ld+json\" class=\"yoast-schema-graph\">{\"@context\":\"https:\\\/\\\/schema.org\",\"@graph\":[{\"@type\":\"WebPage\",\"@id\":\"https:\\\/\\\/flutra.com\\\/logo-dizajn\\\/\",\"url\":\"https:\\\/\\\/flutra.com\\\/logo-dizajn\\\/\",\"name\":\"Logo Dizajn - Flutra Webs\",\"isPartOf\":{\"@id\":\"https:\\\/\\\/flutra.com\\\/#website\"},\"primaryImageOfPage\":{\"@id\":\"https:\\\/\\\/flutra.com\\\/logo-dizajn\\\/#primaryimage\"},\"image\":{\"@id\":\"https:\\\/\\\/flutra.com\\\/logo-dizajn\\\/#primaryimage\"},\"thumbnailUrl\":\"https:\\\/\\\/flutra.com\\\/new\\\/wp-content\\\/uploads\\\/2024\\\/01\\\/one-two-youthful-pupils-pointing-logo-elements-touchpad-screen-during-discussion-by-desk-1024x683.jpg\",\"datePublished\":\"2021-01-30T00:33:44+00:00\",\"dateModified\":\"2024-12-28T11:29:27+00:00\",\"description\":\"Flutra Webs ju ofron logo dizajne, biznes karta, broshura, postera dhe dizajne tjera grafike. +383 49498709, +383 49382639, info@flutra.com\",\"breadcrumb\":{\"@id\":\"https:\\\/\\\/flutra.com\\\/logo-dizajn\\\/#breadcrumb\"},\"inLanguage\":\"de\",\"potentialAction\":[{\"@type\":\"ReadAction\",\"target\":[\"https:\\\/\\\/flutra.com\\\/logo-dizajn\\\/\"]}]},{\"@type\":\"ImageObject\",\"inLanguage\":\"de\",\"@id\":\"https:\\\/\\\/flutra.com\\\/logo-dizajn\\\/#primaryimage\",\"url\":\"https:\\\/\\\/flutra.com\\\/new\\\/wp-content\\\/uploads\\\/2024\\\/01\\\/one-two-youthful-pupils-pointing-logo-elements-touchpad-screen-during-discussion-by-desk-1024x683.jpg\",\"contentUrl\":\"https:\\\/\\\/flutra.com\\\/new\\\/wp-content\\\/uploads\\\/2024\\\/01\\\/one-two-youthful-pupils-pointing-logo-elements-touchpad-screen-during-discussion-by-desk-1024x683.jpg\"},{\"@type\":\"BreadcrumbList\",\"@id\":\"https:\\\/\\\/flutra.com\\\/logo-dizajn\\\/#breadcrumb\",\"itemListElement\":[{\"@type\":\"ListItem\",\"position\":1,\"name\":\"Home\",\"item\":\"https:\\\/\\\/flutra.com\\\/\"},{\"@type\":\"ListItem\",\"position\":2,\"name\":\"Logo Dizajn\"}]},{\"@type\":\"WebSite\",\"@id\":\"https:\\\/\\\/flutra.com\\\/#website\",\"url\":\"https:\\\/\\\/flutra.com\\\/\",\"name\":\"Flutra Webs\",\"description\":\"Web faqe profesionale, hosting, logo dizajn\",\"publisher\":{\"@id\":\"https:\\\/\\\/flutra.com\\\/#organization\"},\"potentialAction\":[{\"@type\":\"SearchAction\",\"target\":{\"@type\":\"EntryPoint\",\"urlTemplate\":\"https:\\\/\\\/flutra.com\\\/?s={search_term_string}\"},\"query-input\":{\"@type\":\"PropertyValueSpecification\",\"valueRequired\":true,\"valueName\":\"search_term_string\"}}],\"inLanguage\":\"de\"},{\"@type\":\"Organization\",\"@id\":\"https:\\\/\\\/flutra.com\\\/#organization\",\"name\":\"Flutra Webs\",\"url\":\"https:\\\/\\\/flutra.com\\\/\",\"logo\":{\"@type\":\"ImageObject\",\"inLanguage\":\"de\",\"@id\":\"https:\\\/\\\/flutra.com\\\/#\\\/schema\\\/logo\\\/image\\\/\",\"url\":\"https:\\\/\\\/flutra.com\\\/new\\\/wp-content\\\/uploads\\\/2021\\\/01\\\/flutra-new-logo-small.png\",\"contentUrl\":\"https:\\\/\\\/flutra.com\\\/new\\\/wp-content\\\/uploads\\\/2021\\\/01\\\/flutra-new-logo-small.png\",\"width\":800,\"height\":327,\"caption\":\"Flutra Webs\"},\"image\":{\"@id\":\"https:\\\/\\\/flutra.com\\\/#\\\/schema\\\/logo\\\/image\\\/\"},\"sameAs\":[\"https:\\\/\\\/facebook.com\\\/flutrawebs\"]}]}<\/script>\n<!-- \/ Yoast SEO Premium plugin. -->","yoast_head_json":{"title":"Logo Dizajn - Flutra Webs","description":"Flutra Webs ju ofron logo dizajne, biznes karta, broshura, postera dhe dizajne tjera grafike. +383 49498709, +383 49382639, info@flutra.com","robots":{"index":"index","follow":"follow","max-snippet":"max-snippet:-1","max-image-preview":"max-image-preview:large","max-video-preview":"max-video-preview:-1"},"canonical":"https:\/\/flutra.com\/de\/logo-dizajn\/","og_locale":"de_DE","og_type":"article","og_title":"Logo Dizajn","og_description":"Flutra Webs ju ofron logo dizajne, biznes karta, broshura, postera dhe dizajne tjera grafike. +383 49498709, +383 49382639, info@flutra.com","og_url":"https:\/\/flutra.com\/de\/logo-dizajn\/","og_site_name":"Flutra Webs","article_publisher":"https:\/\/facebook.com\/flutrawebs","article_modified_time":"2024-12-28T11:29:27+00:00","og_image":[{"url":"https:\/\/flutra.com\/new\/wp-content\/uploads\/2024\/01\/one-two-youthful-pupils-pointing-logo-elements-touchpad-screen-during-discussion-by-desk-1024x683.jpg","type":"","width":"","height":""}],"twitter_card":"summary_large_image","twitter_misc":{"Gesch\u00e4tzte Lesezeit":"2\u00a0Minuten"},"schema":{"@context":"https:\/\/schema.org","@graph":[{"@type":"WebPage","@id":"https:\/\/flutra.com\/logo-dizajn\/","url":"https:\/\/flutra.com\/logo-dizajn\/","name":"Logo Dizajn - Flutra Webs","isPartOf":{"@id":"https:\/\/flutra.com\/#website"},"primaryImageOfPage":{"@id":"https:\/\/flutra.com\/logo-dizajn\/#primaryimage"},"image":{"@id":"https:\/\/flutra.com\/logo-dizajn\/#primaryimage"},"thumbnailUrl":"https:\/\/flutra.com\/new\/wp-content\/uploads\/2024\/01\/one-two-youthful-pupils-pointing-logo-elements-touchpad-screen-during-discussion-by-desk-1024x683.jpg","datePublished":"2021-01-30T00:33:44+00:00","dateModified":"2024-12-28T11:29:27+00:00","description":"Flutra Webs ju ofron logo dizajne, biznes karta, broshura, postera dhe dizajne tjera grafike. +383 49498709, +383 49382639, info@flutra.com","breadcrumb":{"@id":"https:\/\/flutra.com\/logo-dizajn\/#breadcrumb"},"inLanguage":"de","potentialAction":[{"@type":"ReadAction","target":["https:\/\/flutra.com\/logo-dizajn\/"]}]},{"@type":"ImageObject","inLanguage":"de","@id":"https:\/\/flutra.com\/logo-dizajn\/#primaryimage","url":"https:\/\/flutra.com\/new\/wp-content\/uploads\/2024\/01\/one-two-youthful-pupils-pointing-logo-elements-touchpad-screen-during-discussion-by-desk-1024x683.jpg","contentUrl":"https:\/\/flutra.com\/new\/wp-content\/uploads\/2024\/01\/one-two-youthful-pupils-pointing-logo-elements-touchpad-screen-during-discussion-by-desk-1024x683.jpg"},{"@type":"BreadcrumbList","@id":"https:\/\/flutra.com\/logo-dizajn\/#breadcrumb","itemListElement":[{"@type":"ListItem","position":1,"name":"Home","item":"https:\/\/flutra.com\/"},{"@type":"ListItem","position":2,"name":"Logo Dizajn"}]},{"@type":"WebSite","@id":"https:\/\/flutra.com\/#website","url":"https:\/\/flutra.com\/","name":"Flutra Webs","description":"Web faqe profesionale, hosting, logo dizajn","publisher":{"@id":"https:\/\/flutra.com\/#organization"},"potentialAction":[{"@type":"SearchAction","target":{"@type":"EntryPoint","urlTemplate":"https:\/\/flutra.com\/?s={search_term_string}"},"query-input":{"@type":"PropertyValueSpecification","valueRequired":true,"valueName":"search_term_string"}}],"inLanguage":"de"},{"@type":"Organization","@id":"https:\/\/flutra.com\/#organization","name":"Flutra Webs","url":"https:\/\/flutra.com\/","logo":{"@type":"ImageObject","inLanguage":"de","@id":"https:\/\/flutra.com\/#\/schema\/logo\/image\/","url":"https:\/\/flutra.com\/new\/wp-content\/uploads\/2021\/01\/flutra-new-logo-small.png","contentUrl":"https:\/\/flutra.com\/new\/wp-content\/uploads\/2021\/01\/flutra-new-logo-small.png","width":800,"height":327,"caption":"Flutra Webs"},"image":{"@id":"https:\/\/flutra.com\/#\/schema\/logo\/image\/"},"sameAs":["https:\/\/facebook.com\/flutrawebs"]}]}},"_links":{"self":[{"href":"https:\/\/flutra.com\/de\/wp-json\/wp\/v2\/pages\/26","targetHints":{"allow":["GET"]}}],"collection":[{"href":"https:\/\/flutra.com\/de\/wp-json\/wp\/v2\/pages"}],"about":[{"href":"https:\/\/flutra.com\/de\/wp-json\/wp\/v2\/types\/page"}],"author":[{"embeddable":true,"href":"https:\/\/flutra.com\/de\/wp-json\/wp\/v2\/users\/1"}],"replies":[{"embeddable":true,"href":"https:\/\/flutra.com\/de\/wp-json\/wp\/v2\/comments?post=26"}],"version-history":[{"count":5,"href":"https:\/\/flutra.com\/de\/wp-json\/wp\/v2\/pages\/26\/revisions"}],"predecessor-version":[{"id":2365,"href":"https:\/\/flutra.com\/de\/wp-json\/wp\/v2\/pages\/26\/revisions\/2365"}],"wp:attachment":[{"href":"https:\/\/flutra.com\/de\/wp-json\/wp\/v2\/media?parent=26"}],"curies":[{"name":"wp","href":"https:\/\/api.w.org\/{rel}","templated":true}]}}