{"id":28,"date":"2021-01-30T00:34:05","date_gmt":"2021-01-30T00:34:05","guid":{"rendered":"https:\/\/new.flutra.com\/?page_id=28"},"modified":"2024-02-01T15:21:46","modified_gmt":"2024-02-01T15:21:46","slug":"social-media","status":"publish","type":"page","link":"https:\/\/flutra.com\/de\/social-media\/","title":{"rendered":"Social Media"},"content":{"rendered":"<div data-elementor-type=\"wp-page\" data-elementor-id=\"28\" class=\"elementor elementor-28\" data-elementor-post-type=\"page\">\n\t\t\t\t\t\t<section class=\"elementor-section elementor-top-section elementor-element elementor-element-fadba0b elementor-section-boxed elementor-section-height-default elementor-section-height-default\" data-id=\"fadba0b\" data-element_type=\"section\" data-e-type=\"section\" data-settings=\"{&quot;background_background&quot;:&quot;classic&quot;}\">\n\t\t\t\t\t\t\t<div class=\"elementor-background-overlay\"><\/div>\n\t\t\t\t\t\t\t<div class=\"elementor-container elementor-column-gap-default\">\n\t\t\t\t\t<div class=\"elementor-column elementor-col-100 elementor-top-column elementor-element elementor-element-7a87b46\" data-id=\"7a87b46\" data-element_type=\"column\" data-e-type=\"column\">\n\t\t\t<div class=\"elementor-widget-wrap elementor-element-populated\">\n\t\t\t\t\t\t<div class=\"elementor-element elementor-element-5cea85b elementor-widget elementor-widget-heading\" data-id=\"5cea85b\" data-element_type=\"widget\" data-e-type=\"widget\" data-widget_type=\"heading.default\">\n\t\t\t\t<div class=\"elementor-widget-container\">\n\t\t\t\t\t<h1 class=\"elementor-heading-title elementor-size-default\">Social Media<\/h1>\t\t\t\t<\/div>\n\t\t\t\t<\/div>\n\t\t\t\t\t<\/div>\n\t\t<\/div>\n\t\t\t\t\t<\/div>\n\t\t<\/section>\n\t\t\t\t<section class=\"elementor-section elementor-top-section elementor-element elementor-element-9beb573 elementor-section-boxed elementor-section-height-default elementor-section-height-default\" data-id=\"9beb573\" data-element_type=\"section\" data-e-type=\"section\" data-settings=\"{&quot;background_background&quot;:&quot;classic&quot;}\">\n\t\t\t\t\t\t<div class=\"elementor-container elementor-column-gap-default\">\n\t\t\t\t\t<div class=\"elementor-column elementor-col-50 elementor-top-column elementor-element elementor-element-3fbcc3b\" data-id=\"3fbcc3b\" data-element_type=\"column\" data-e-type=\"column\">\n\t\t\t<div class=\"elementor-widget-wrap elementor-element-populated\">\n\t\t\t\t\t\t<div class=\"elementor-element elementor-element-261ce70 elementor-invisible elementor-widget elementor-widget-heading\" data-id=\"261ce70\" data-element_type=\"widget\" data-e-type=\"widget\" data-settings=\"{&quot;_animation&quot;:&quot;fadeInUp&quot;}\" data-widget_type=\"heading.default\">\n\t\t\t\t<div class=\"elementor-widget-container\">\n\t\t\t\t\t<h2 class=\"elementor-heading-title elementor-size-default\">Strategischer Einfluss in sozialen Netzwerken<\/h2>\t\t\t\t<\/div>\n\t\t\t\t<\/div>\n\t\t\t\t<div class=\"elementor-element elementor-element-2564c07 elementor-invisible elementor-widget elementor-widget-text-editor\" data-id=\"2564c07\" data-element_type=\"widget\" data-e-type=\"widget\" data-settings=\"{&quot;_animation&quot;:&quot;fadeInUp&quot;}\" data-widget_type=\"text-editor.default\">\n\t\t\t\t<div class=\"elementor-widget-container\">\n\t\t\t\t\t\t\t\t\t<p>Steigen Sie mit unserem Social-Media-Management-Service in der Welt der sozialen Medien voran. Wir bieten eine ma\u00dfgeschneiderte Strategie, die Ihrem Unternehmen hilft, zu wachsen und eine positive Wirkung auf Ihr Publikum zu erzielen.<\/p>\t\t\t\t\t\t\t\t<\/div>\n\t\t\t\t<\/div>\n\t\t\t\t\t<\/div>\n\t\t<\/div>\n\t\t\t\t<div class=\"elementor-column elementor-col-50 elementor-top-column elementor-element elementor-element-b2de456\" data-id=\"b2de456\" data-element_type=\"column\" data-e-type=\"column\" data-settings=\"{&quot;background_background&quot;:&quot;classic&quot;}\">\n\t\t\t<div class=\"elementor-widget-wrap elementor-element-populated\">\n\t\t\t\t\t\t<div class=\"elementor-element elementor-element-0a29773 elementor-widget elementor-widget-image\" data-id=\"0a29773\" data-element_type=\"widget\" data-e-type=\"widget\" data-widget_type=\"image.default\">\n\t\t\t\t<div class=\"elementor-widget-container\">\n\t\t\t\t\t\t\t\t\t\t\t\t\t\t\t<img fetchpriority=\"high\" decoding=\"async\" width=\"800\" height=\"476\" src=\"https:\/\/flutra.com\/new\/wp-content\/uploads\/2021\/02\/social-media_com-1024x609.jpg\" class=\"attachment-large size-large wp-image-395\" alt=\"\" srcset=\"https:\/\/flutra.com\/new\/wp-content\/uploads\/2021\/02\/social-media_com-1024x609.jpg 1024w, https:\/\/flutra.com\/new\/wp-content\/uploads\/2021\/02\/social-media_com-300x178.jpg 300w, https:\/\/flutra.com\/new\/wp-content\/uploads\/2021\/02\/social-media_com-768x457.jpg 768w, https:\/\/flutra.com\/new\/wp-content\/uploads\/2021\/02\/social-media_com-1536x913.jpg 1536w, https:\/\/flutra.com\/new\/wp-content\/uploads\/2021\/02\/social-media_com.jpg 1625w\" sizes=\"(max-width: 800px) 100vw, 800px\" \/>\t\t\t\t\t\t\t\t\t\t\t\t\t\t\t<\/div>\n\t\t\t\t<\/div>\n\t\t\t\t\t<\/div>\n\t\t<\/div>\n\t\t\t\t\t<\/div>\n\t\t<\/section>\n\t\t\t\t<section class=\"elementor-section elementor-top-section elementor-element elementor-element-dba6f9e elementor-section-boxed elementor-section-height-default elementor-section-height-default\" data-id=\"dba6f9e\" data-element_type=\"section\" data-e-type=\"section\">\n\t\t\t\t\t\t<div class=\"elementor-container elementor-column-gap-default\">\n\t\t\t\t\t<div class=\"elementor-column elementor-col-100 elementor-top-column elementor-element elementor-element-b4aab53\" data-id=\"b4aab53\" data-element_type=\"column\" data-e-type=\"column\">\n\t\t\t<div class=\"elementor-widget-wrap elementor-element-populated\">\n\t\t\t\t\t\t<section class=\"elementor-section elementor-inner-section elementor-element elementor-element-8389b7d elementor-section-boxed elementor-section-height-default elementor-section-height-default\" data-id=\"8389b7d\" data-element_type=\"section\" data-e-type=\"section\">\n\t\t\t\t\t\t<div class=\"elementor-container elementor-column-gap-default\">\n\t\t\t\t\t<div class=\"elementor-column elementor-col-50 elementor-inner-column elementor-element elementor-element-cad2c9f\" data-id=\"cad2c9f\" data-element_type=\"column\" data-e-type=\"column\">\n\t\t\t<div class=\"elementor-widget-wrap elementor-element-populated\">\n\t\t\t\t\t\t<div class=\"elementor-element elementor-element-344ff0f elementor-position-inline-start elementor-view-default elementor-mobile-position-block-start elementor-invisible elementor-widget elementor-widget-icon-box\" data-id=\"344ff0f\" data-element_type=\"widget\" data-e-type=\"widget\" data-settings=\"{&quot;_animation&quot;:&quot;fadeInUp&quot;}\" data-widget_type=\"icon-box.default\">\n\t\t\t\t<div class=\"elementor-widget-container\">\n\t\t\t\t\t\t\t<div class=\"elementor-icon-box-wrapper\">\n\n\t\t\t\t\t\t<div class=\"elementor-icon-box-icon\">\n\t\t\t\t<span  class=\"elementor-icon\">\n\t\t\t\t<i aria-hidden=\"true\" class=\"fas fa-check-circle\"><\/i>\t\t\t\t<\/span>\n\t\t\t<\/div>\n\t\t\t\n\t\t\t\t\t\t<div class=\"elementor-icon-box-content\">\n\n\t\t\t\t\t\t\t\t\t<h5 class=\"elementor-icon-box-title\">\n\t\t\t\t\t\t<span  >\n\t\t\t\t\t\t\tAnaliza e Pranishm\u00ebris\u00eb\t\t\t\t\t\t<\/span>\n\t\t\t\t\t<\/h5>\n\t\t\t\t\n\t\t\t\t\t\t\t\t\t<p class=\"elementor-icon-box-description\">\n\t\t\t\t\t\tWir erkunden Ihr Publikum und Ihre aktuelle Social-Media-Pr\u00e4senz, um die besten Ziele und Strategien zu ermitteln.\t\t\t\t\t<\/p>\n\t\t\t\t\n\t\t\t<\/div>\n\t\t\t\n\t\t<\/div>\n\t\t\t\t\t\t<\/div>\n\t\t\t\t<\/div>\n\t\t\t\t<div class=\"elementor-element elementor-element-8d45b0d elementor-position-inline-start elementor-view-default elementor-mobile-position-block-start elementor-invisible elementor-widget elementor-widget-icon-box\" data-id=\"8d45b0d\" data-element_type=\"widget\" data-e-type=\"widget\" data-settings=\"{&quot;_animation&quot;:&quot;fadeInUp&quot;}\" data-widget_type=\"icon-box.default\">\n\t\t\t\t<div class=\"elementor-widget-container\">\n\t\t\t\t\t\t\t<div class=\"elementor-icon-box-wrapper\">\n\n\t\t\t\t\t\t<div class=\"elementor-icon-box-icon\">\n\t\t\t\t<span  class=\"elementor-icon\">\n\t\t\t\t<i aria-hidden=\"true\" class=\"fas fa-check-circle\"><\/i>\t\t\t\t<\/span>\n\t\t\t<\/div>\n\t\t\t\n\t\t\t\t\t\t<div class=\"elementor-icon-box-content\">\n\n\t\t\t\t\t\t\t\t\t<h5 class=\"elementor-icon-box-title\">\n\t\t\t\t\t\t<span  >\n\t\t\t\t\t\t\tContent- und Werbekampagnen\t\t\t\t\t\t<\/span>\n\t\t\t\t\t<\/h5>\n\t\t\t\t\n\t\t\t\t\t\t\t\t\t<p class=\"elementor-icon-box-description\">\n\t\t\t\t\t\tEntwickeln Sie herausragende Kampagnen und bewerben Sie Ihre Produkte oder Dienstleistungen \u00fcber soziale Netzwerke.\t\t\t\t\t<\/p>\n\t\t\t\t\n\t\t\t<\/div>\n\t\t\t\n\t\t<\/div>\n\t\t\t\t\t\t<\/div>\n\t\t\t\t<\/div>\n\t\t\t\t\t<\/div>\n\t\t<\/div>\n\t\t\t\t<div class=\"elementor-column elementor-col-50 elementor-inner-column elementor-element elementor-element-ef29406\" data-id=\"ef29406\" data-element_type=\"column\" data-e-type=\"column\">\n\t\t\t<div class=\"elementor-widget-wrap elementor-element-populated\">\n\t\t\t\t\t\t<div class=\"elementor-element elementor-element-ee90922 elementor-position-inline-start elementor-view-default elementor-mobile-position-block-start elementor-invisible elementor-widget elementor-widget-icon-box\" data-id=\"ee90922\" data-element_type=\"widget\" data-e-type=\"widget\" data-settings=\"{&quot;_animation&quot;:&quot;fadeInUp&quot;}\" data-widget_type=\"icon-box.default\">\n\t\t\t\t<div class=\"elementor-widget-container\">\n\t\t\t\t\t\t\t<div class=\"elementor-icon-box-wrapper\">\n\n\t\t\t\t\t\t<div class=\"elementor-icon-box-icon\">\n\t\t\t\t<span  class=\"elementor-icon\">\n\t\t\t\t<i aria-hidden=\"true\" class=\"fas fa-check-circle\"><\/i>\t\t\t\t<\/span>\n\t\t\t<\/div>\n\t\t\t\n\t\t\t\t\t\t<div class=\"elementor-icon-box-content\">\n\n\t\t\t\t\t\t\t\t\t<h5 class=\"elementor-icon-box-title\">\n\t\t\t\t\t\t<span  >\n\t\t\t\t\t\t\tZielgruppenmanagement und Reaktionen\t\t\t\t\t\t<\/span>\n\t\t\t\t\t<\/h5>\n\t\t\t\t\n\t\t\t\t\t\t\t\t\t<p class=\"elementor-icon-box-description\">\n\t\t\t\t\t\tWir \u00fcberwachen die Aktivit\u00e4ten und antworten auf Kommentare und Fragen, um eine regelm\u00e4\u00dfige und engagierte Kommunikation mit Ihrem Publikum aufrechtzuerhalten.\t\t\t\t\t<\/p>\n\t\t\t\t\n\t\t\t<\/div>\n\t\t\t\n\t\t<\/div>\n\t\t\t\t\t\t<\/div>\n\t\t\t\t<\/div>\n\t\t\t\t<div class=\"elementor-element elementor-element-08250a1 elementor-position-inline-start elementor-view-default elementor-mobile-position-block-start elementor-invisible elementor-widget elementor-widget-icon-box\" data-id=\"08250a1\" data-element_type=\"widget\" data-e-type=\"widget\" data-settings=\"{&quot;_animation&quot;:&quot;fadeInUp&quot;}\" data-widget_type=\"icon-box.default\">\n\t\t\t\t<div class=\"elementor-widget-container\">\n\t\t\t\t\t\t\t<div class=\"elementor-icon-box-wrapper\">\n\n\t\t\t\t\t\t<div class=\"elementor-icon-box-icon\">\n\t\t\t\t<span  class=\"elementor-icon\">\n\t\t\t\t<i aria-hidden=\"true\" class=\"fas fa-check-circle\"><\/i>\t\t\t\t<\/span>\n\t\t\t<\/div>\n\t\t\t\n\t\t\t\t\t\t<div class=\"elementor-icon-box-content\">\n\n\t\t\t\t\t\t\t\t\t<h5 class=\"elementor-icon-box-title\">\n\t\t\t\t\t\t<span  >\n\t\t\t\t\t\t\tInhaltserstellung und -planung\t\t\t\t\t\t<\/span>\n\t\t\t\t\t<\/h5>\n\t\t\t\t\n\t\t\t\t\t\t\t\t\t<p class=\"elementor-icon-box-description\">\n\t\t\t\t\t\tWir schaffen eine starke und f\u00fcrsorgliche Social-Media-Pr\u00e4senz mit kreativen und relevanten Inhalten.\t\t\t\t\t<\/p>\n\t\t\t\t\n\t\t\t<\/div>\n\t\t\t\n\t\t<\/div>\n\t\t\t\t\t\t<\/div>\n\t\t\t\t<\/div>\n\t\t\t\t\t<\/div>\n\t\t<\/div>\n\t\t\t\t\t<\/div>\n\t\t<\/section>\n\t\t\t\t\t<\/div>\n\t\t<\/div>\n\t\t\t\t\t<\/div>\n\t\t<\/section>\n\t\t\t\t<section class=\"elementor-section elementor-top-section elementor-element elementor-element-6e47709 elementor-section-content-middle elementor-section-boxed elementor-section-height-default elementor-section-height-default\" data-id=\"6e47709\" data-element_type=\"section\" data-e-type=\"section\" data-settings=\"{&quot;background_background&quot;:&quot;classic&quot;}\">\n\t\t\t\t\t\t\t<div class=\"elementor-background-overlay\"><\/div>\n\t\t\t\t\t\t\t<div class=\"elementor-container elementor-column-gap-default\">\n\t\t\t\t\t<div class=\"elementor-column elementor-col-50 elementor-top-column elementor-element elementor-element-df105b0\" data-id=\"df105b0\" data-element_type=\"column\" data-e-type=\"column\">\n\t\t\t<div class=\"elementor-widget-wrap elementor-element-populated\">\n\t\t\t\t\t\t<div class=\"elementor-element elementor-element-4d6d1bf elementor-invisible elementor-widget elementor-widget-heading\" data-id=\"4d6d1bf\" data-element_type=\"widget\" data-e-type=\"widget\" data-settings=\"{&quot;_animation&quot;:&quot;fadeInUp&quot;}\" data-widget_type=\"heading.default\">\n\t\t\t\t<div class=\"elementor-widget-container\">\n\t\t\t\t\t<h2 class=\"elementor-heading-title elementor-size-default\">Bestellen Sie jetzt Ihren Service!<\/h2>\t\t\t\t<\/div>\n\t\t\t\t<\/div>\n\t\t\t\t<div class=\"elementor-element elementor-element-c79110a elementor-invisible elementor-widget elementor-widget-text-editor\" data-id=\"c79110a\" data-element_type=\"widget\" data-e-type=\"widget\" data-settings=\"{&quot;_animation&quot;:&quot;fadeInUp&quot;}\" data-widget_type=\"text-editor.default\">\n\t\t\t\t<div class=\"elementor-widget-container\">\n\t\t\t\t\t\t\t\t\t<p>Kontaktieren Sie uns jetzt, um Ihr Projekt zu starten. Unser engagiertes Team ist bereit, Ihre Ideen in die digitale Realit\u00e4t umzusetzen.<\/p>\t\t\t\t\t\t\t\t<\/div>\n\t\t\t\t<\/div>\n\t\t\t\t\t<\/div>\n\t\t<\/div>\n\t\t\t\t<div class=\"elementor-column elementor-col-50 elementor-top-column elementor-element elementor-element-c2d81a9\" data-id=\"c2d81a9\" data-element_type=\"column\" data-e-type=\"column\">\n\t\t\t<div class=\"elementor-widget-wrap elementor-element-populated\">\n\t\t\t\t\t\t<div class=\"elementor-element elementor-element-f034ade elementor-align-right elementor-tablet-align-left elementor-mobile-align-center elementor-widget elementor-widget-button\" data-id=\"f034ade\" data-element_type=\"widget\" data-e-type=\"widget\" data-widget_type=\"button.default\">\n\t\t\t\t<div class=\"elementor-widget-container\">\n\t\t\t\t\t\t\t\t\t<div class=\"elementor-button-wrapper\">\n\t\t\t\t\t<a class=\"elementor-button elementor-button-link elementor-size-xl elementor-animation-float\" href=\"https:\/\/flutra.com\/de\/kontakti\/\">\n\t\t\t\t\t\t<span class=\"elementor-button-content-wrapper\">\n\t\t\t\t\t\t\t\t\t<span class=\"elementor-button-text\">Jetzt kontaktieren<\/span>\n\t\t\t\t\t<\/span>\n\t\t\t\t\t<\/a>\n\t\t\t\t<\/div>\n\t\t\t\t\t\t\t\t<\/div>\n\t\t\t\t<\/div>\n\t\t\t\t\t<\/div>\n\t\t<\/div>\n\t\t\t\t\t<\/div>\n\t\t<\/section>\n\t\t\t\t<\/div>","protected":false},"excerpt":{"rendered":"<p>Social Media Ndikimi strategjik n\u00eb rrjetet sociale P\u00ebrparoni n\u00eb bot\u00ebn e medias sociale me sh\u00ebrbimin ton\u00eb t\u00eb Menaxhimit t\u00eb Rrjeteve Sociale. Ne ofrojm\u00eb nj\u00eb strategji t\u00eb personalizuar p\u00ebr t\u00eb ndihmuar biznesin tuaj t\u00eb rritet dhe t\u00eb ndikoj\u00eb pozitivisht n\u00eb audienc\u00ebn tuaj. Analiza e Pranishm\u00ebris\u00eb Eksplorojm\u00eb audienc\u00ebn tuaj dhe pranishm\u00ebrin\u00eb aktuale n\u00eb mediat sociale p\u00ebr t\u00eb [&hellip;]<\/p>\n","protected":false},"author":1,"featured_media":0,"parent":0,"menu_order":0,"comment_status":"closed","ping_status":"closed","template":"","meta":{"inline_featured_image":false,"footnotes":""},"class_list":["post-28","page","type-page","status-publish","hentry"],"yoast_head":"<!-- This site is optimized with the Yoast SEO Premium plugin v26.8 (Yoast SEO v27.5) - https:\/\/yoast.com\/product\/yoast-seo-premium-wordpress\/ -->\n<title>Social Media - Flutra Webs<\/title>\n<meta name=\"description\" content=\"Marketing permes facebook dhe instagram. Sh\u00ebrbimet permes mediave sociale jan\u00eb t\u00eb dizajnuara t\u00eb rrisin prezencen online t\u00eb biznesit tuaj.\" \/>\n<meta name=\"robots\" content=\"index, follow, max-snippet:-1, max-image-preview:large, max-video-preview:-1\" \/>\n<link rel=\"canonical\" href=\"https:\/\/flutra.com\/de\/social-media\/\" \/>\n<meta property=\"og:locale\" content=\"de_DE\" \/>\n<meta property=\"og:type\" content=\"article\" \/>\n<meta property=\"og:title\" content=\"Social Media\" \/>\n<meta property=\"og:description\" content=\"Marketing permes facebook dhe instagram. Sh\u00ebrbimet permes mediave sociale jan\u00eb t\u00eb dizajnuara t\u00eb rrisin prezencen online t\u00eb biznesit tuaj.\" \/>\n<meta property=\"og:url\" content=\"https:\/\/flutra.com\/de\/social-media\/\" \/>\n<meta property=\"og:site_name\" content=\"Flutra Webs\" \/>\n<meta property=\"article:publisher\" content=\"https:\/\/facebook.com\/flutrawebs\" \/>\n<meta property=\"article:modified_time\" content=\"2024-02-01T15:21:46+00:00\" \/>\n<meta property=\"og:image\" content=\"https:\/\/flutra.com\/new\/wp-content\/uploads\/2021\/02\/social-media_com-1024x609.jpg\" \/>\n<meta name=\"twitter:card\" content=\"summary_large_image\" \/>\n<meta name=\"twitter:label1\" content=\"Gesch\u00e4tzte Lesezeit\" \/>\n\t<meta name=\"twitter:data1\" content=\"1\u00a0Minute\" \/>\n<script type=\"application\/ld+json\" class=\"yoast-schema-graph\">{\"@context\":\"https:\\\/\\\/schema.org\",\"@graph\":[{\"@type\":\"WebPage\",\"@id\":\"https:\\\/\\\/flutra.com\\\/social-media\\\/\",\"url\":\"https:\\\/\\\/flutra.com\\\/social-media\\\/\",\"name\":\"Social Media - Flutra Webs\",\"isPartOf\":{\"@id\":\"https:\\\/\\\/flutra.com\\\/#website\"},\"primaryImageOfPage\":{\"@id\":\"https:\\\/\\\/flutra.com\\\/social-media\\\/#primaryimage\"},\"image\":{\"@id\":\"https:\\\/\\\/flutra.com\\\/social-media\\\/#primaryimage\"},\"thumbnailUrl\":\"https:\\\/\\\/flutra.com\\\/new\\\/wp-content\\\/uploads\\\/2021\\\/02\\\/social-media_com-1024x609.jpg\",\"datePublished\":\"2021-01-30T00:34:05+00:00\",\"dateModified\":\"2024-02-01T15:21:46+00:00\",\"description\":\"Marketing permes facebook dhe instagram. Sh\u00ebrbimet permes mediave sociale jan\u00eb t\u00eb dizajnuara t\u00eb rrisin prezencen online t\u00eb biznesit tuaj.\",\"breadcrumb\":{\"@id\":\"https:\\\/\\\/flutra.com\\\/social-media\\\/#breadcrumb\"},\"inLanguage\":\"de\",\"potentialAction\":[{\"@type\":\"ReadAction\",\"target\":[\"https:\\\/\\\/flutra.com\\\/social-media\\\/\"]}]},{\"@type\":\"ImageObject\",\"inLanguage\":\"de\",\"@id\":\"https:\\\/\\\/flutra.com\\\/social-media\\\/#primaryimage\",\"url\":\"https:\\\/\\\/flutra.com\\\/new\\\/wp-content\\\/uploads\\\/2021\\\/02\\\/social-media_com-1024x609.jpg\",\"contentUrl\":\"https:\\\/\\\/flutra.com\\\/new\\\/wp-content\\\/uploads\\\/2021\\\/02\\\/social-media_com-1024x609.jpg\"},{\"@type\":\"BreadcrumbList\",\"@id\":\"https:\\\/\\\/flutra.com\\\/social-media\\\/#breadcrumb\",\"itemListElement\":[{\"@type\":\"ListItem\",\"position\":1,\"name\":\"Home\",\"item\":\"https:\\\/\\\/flutra.com\\\/\"},{\"@type\":\"ListItem\",\"position\":2,\"name\":\"Social Media\"}]},{\"@type\":\"WebSite\",\"@id\":\"https:\\\/\\\/flutra.com\\\/#website\",\"url\":\"https:\\\/\\\/flutra.com\\\/\",\"name\":\"Flutra Webs\",\"description\":\"Web faqe profesionale, hosting, logo dizajn\",\"publisher\":{\"@id\":\"https:\\\/\\\/flutra.com\\\/#organization\"},\"potentialAction\":[{\"@type\":\"SearchAction\",\"target\":{\"@type\":\"EntryPoint\",\"urlTemplate\":\"https:\\\/\\\/flutra.com\\\/?s={search_term_string}\"},\"query-input\":{\"@type\":\"PropertyValueSpecification\",\"valueRequired\":true,\"valueName\":\"search_term_string\"}}],\"inLanguage\":\"de\"},{\"@type\":\"Organization\",\"@id\":\"https:\\\/\\\/flutra.com\\\/#organization\",\"name\":\"Flutra Webs\",\"url\":\"https:\\\/\\\/flutra.com\\\/\",\"logo\":{\"@type\":\"ImageObject\",\"inLanguage\":\"de\",\"@id\":\"https:\\\/\\\/flutra.com\\\/#\\\/schema\\\/logo\\\/image\\\/\",\"url\":\"https:\\\/\\\/flutra.com\\\/new\\\/wp-content\\\/uploads\\\/2021\\\/01\\\/flutra-new-logo-small.png\",\"contentUrl\":\"https:\\\/\\\/flutra.com\\\/new\\\/wp-content\\\/uploads\\\/2021\\\/01\\\/flutra-new-logo-small.png\",\"width\":800,\"height\":327,\"caption\":\"Flutra Webs\"},\"image\":{\"@id\":\"https:\\\/\\\/flutra.com\\\/#\\\/schema\\\/logo\\\/image\\\/\"},\"sameAs\":[\"https:\\\/\\\/facebook.com\\\/flutrawebs\"]}]}<\/script>\n<!-- \/ Yoast SEO Premium plugin. -->","yoast_head_json":{"title":"Social Media - Flutra Webs","description":"Marketing permes facebook dhe instagram. Sh\u00ebrbimet permes mediave sociale jan\u00eb t\u00eb dizajnuara t\u00eb rrisin prezencen online t\u00eb biznesit tuaj.","robots":{"index":"index","follow":"follow","max-snippet":"max-snippet:-1","max-image-preview":"max-image-preview:large","max-video-preview":"max-video-preview:-1"},"canonical":"https:\/\/flutra.com\/de\/social-media\/","og_locale":"de_DE","og_type":"article","og_title":"Social Media","og_description":"Marketing permes facebook dhe instagram. Sh\u00ebrbimet permes mediave sociale jan\u00eb t\u00eb dizajnuara t\u00eb rrisin prezencen online t\u00eb biznesit tuaj.","og_url":"https:\/\/flutra.com\/de\/social-media\/","og_site_name":"Flutra Webs","article_publisher":"https:\/\/facebook.com\/flutrawebs","article_modified_time":"2024-02-01T15:21:46+00:00","og_image":[{"url":"https:\/\/flutra.com\/new\/wp-content\/uploads\/2021\/02\/social-media_com-1024x609.jpg","type":"","width":"","height":""}],"twitter_card":"summary_large_image","twitter_misc":{"Gesch\u00e4tzte Lesezeit":"1\u00a0Minute"},"schema":{"@context":"https:\/\/schema.org","@graph":[{"@type":"WebPage","@id":"https:\/\/flutra.com\/social-media\/","url":"https:\/\/flutra.com\/social-media\/","name":"Social Media - Flutra Webs","isPartOf":{"@id":"https:\/\/flutra.com\/#website"},"primaryImageOfPage":{"@id":"https:\/\/flutra.com\/social-media\/#primaryimage"},"image":{"@id":"https:\/\/flutra.com\/social-media\/#primaryimage"},"thumbnailUrl":"https:\/\/flutra.com\/new\/wp-content\/uploads\/2021\/02\/social-media_com-1024x609.jpg","datePublished":"2021-01-30T00:34:05+00:00","dateModified":"2024-02-01T15:21:46+00:00","description":"Marketing permes facebook dhe instagram. Sh\u00ebrbimet permes mediave sociale jan\u00eb t\u00eb dizajnuara t\u00eb rrisin prezencen online t\u00eb biznesit tuaj.","breadcrumb":{"@id":"https:\/\/flutra.com\/social-media\/#breadcrumb"},"inLanguage":"de","potentialAction":[{"@type":"ReadAction","target":["https:\/\/flutra.com\/social-media\/"]}]},{"@type":"ImageObject","inLanguage":"de","@id":"https:\/\/flutra.com\/social-media\/#primaryimage","url":"https:\/\/flutra.com\/new\/wp-content\/uploads\/2021\/02\/social-media_com-1024x609.jpg","contentUrl":"https:\/\/flutra.com\/new\/wp-content\/uploads\/2021\/02\/social-media_com-1024x609.jpg"},{"@type":"BreadcrumbList","@id":"https:\/\/flutra.com\/social-media\/#breadcrumb","itemListElement":[{"@type":"ListItem","position":1,"name":"Home","item":"https:\/\/flutra.com\/"},{"@type":"ListItem","position":2,"name":"Social Media"}]},{"@type":"WebSite","@id":"https:\/\/flutra.com\/#website","url":"https:\/\/flutra.com\/","name":"Flutra Webs","description":"Web faqe profesionale, hosting, logo dizajn","publisher":{"@id":"https:\/\/flutra.com\/#organization"},"potentialAction":[{"@type":"SearchAction","target":{"@type":"EntryPoint","urlTemplate":"https:\/\/flutra.com\/?s={search_term_string}"},"query-input":{"@type":"PropertyValueSpecification","valueRequired":true,"valueName":"search_term_string"}}],"inLanguage":"de"},{"@type":"Organization","@id":"https:\/\/flutra.com\/#organization","name":"Flutra Webs","url":"https:\/\/flutra.com\/","logo":{"@type":"ImageObject","inLanguage":"de","@id":"https:\/\/flutra.com\/#\/schema\/logo\/image\/","url":"https:\/\/flutra.com\/new\/wp-content\/uploads\/2021\/01\/flutra-new-logo-small.png","contentUrl":"https:\/\/flutra.com\/new\/wp-content\/uploads\/2021\/01\/flutra-new-logo-small.png","width":800,"height":327,"caption":"Flutra Webs"},"image":{"@id":"https:\/\/flutra.com\/#\/schema\/logo\/image\/"},"sameAs":["https:\/\/facebook.com\/flutrawebs"]}]}},"_links":{"self":[{"href":"https:\/\/flutra.com\/de\/wp-json\/wp\/v2\/pages\/28","targetHints":{"allow":["GET"]}}],"collection":[{"href":"https:\/\/flutra.com\/de\/wp-json\/wp\/v2\/pages"}],"about":[{"href":"https:\/\/flutra.com\/de\/wp-json\/wp\/v2\/types\/page"}],"author":[{"embeddable":true,"href":"https:\/\/flutra.com\/de\/wp-json\/wp\/v2\/users\/1"}],"replies":[{"embeddable":true,"href":"https:\/\/flutra.com\/de\/wp-json\/wp\/v2\/comments?post=28"}],"version-history":[{"count":5,"href":"https:\/\/flutra.com\/de\/wp-json\/wp\/v2\/pages\/28\/revisions"}],"predecessor-version":[{"id":2139,"href":"https:\/\/flutra.com\/de\/wp-json\/wp\/v2\/pages\/28\/revisions\/2139"}],"wp:attachment":[{"href":"https:\/\/flutra.com\/de\/wp-json\/wp\/v2\/media?parent=28"}],"curies":[{"name":"wp","href":"https:\/\/api.w.org\/{rel}","templated":true}]}}