{"id":34,"date":"2021-01-30T00:35:08","date_gmt":"2021-01-30T00:35:08","guid":{"rendered":"https:\/\/new.flutra.com\/?page_id=34"},"modified":"2024-12-28T11:29:00","modified_gmt":"2024-12-28T11:29:00","slug":"kontakti","status":"publish","type":"page","link":"https:\/\/flutra.com\/de\/kontakti\/","title":{"rendered":"Kontakt"},"content":{"rendered":"\t\t<div data-elementor-type=\"wp-page\" data-elementor-id=\"34\" class=\"elementor elementor-34\" data-elementor-post-type=\"page\">\n\t\t\t\t\t\t<section class=\"elementor-section elementor-top-section elementor-element elementor-element-7ac4572 elementor-section-boxed elementor-section-height-default elementor-section-height-default\" data-id=\"7ac4572\" data-element_type=\"section\" data-e-type=\"section\" data-settings=\"{&quot;background_background&quot;:&quot;classic&quot;}\">\n\t\t\t\t\t\t\t<div class=\"elementor-background-overlay\"><\/div>\n\t\t\t\t\t\t\t<div class=\"elementor-container elementor-column-gap-default\">\n\t\t\t\t\t<div class=\"elementor-column elementor-col-100 elementor-top-column elementor-element elementor-element-c175bd4\" data-id=\"c175bd4\" data-element_type=\"column\" data-e-type=\"column\">\n\t\t\t<div class=\"elementor-widget-wrap elementor-element-populated\">\n\t\t\t\t\t\t\t<\/div>\n\t\t<\/div>\n\t\t\t\t\t<\/div>\n\t\t<\/section>\n\t\t<div class=\"elementor-element elementor-element-1f58d62 e-flex e-con-boxed e-con e-parent\" data-id=\"1f58d62\" data-element_type=\"container\" data-e-type=\"container\" data-settings=\"{&quot;background_background&quot;:&quot;gradient&quot;}\">\n\t\t\t\t\t<div class=\"e-con-inner\">\n\t\t<div class=\"elementor-element elementor-element-7728157 e-con-full e-flex e-con e-child\" data-id=\"7728157\" data-element_type=\"container\" data-e-type=\"container\">\n\t\t\t\t<div class=\"elementor-element elementor-element-14754af elementor-widget elementor-widget-heading\" data-id=\"14754af\" data-element_type=\"widget\" data-e-type=\"widget\" data-widget_type=\"heading.default\">\n\t\t\t\t<div class=\"elementor-widget-container\">\n\t\t\t\t\t<h2 class=\"elementor-heading-title elementor-size-default\">Formular Kontakti<\/h2>\t\t\t\t<\/div>\n\t\t\t\t<\/div>\n\t\t\t\t<div class=\"elementor-element elementor-element-76f4c16 elementor-button-align-stretch elementor-widget elementor-widget-form\" data-id=\"76f4c16\" data-element_type=\"widget\" data-e-type=\"widget\" data-settings=\"{&quot;step_next_label&quot;:&quot;Next&quot;,&quot;step_previous_label&quot;:&quot;Previous&quot;,&quot;button_width&quot;:&quot;100&quot;,&quot;step_type&quot;:&quot;number_text&quot;,&quot;step_icon_shape&quot;:&quot;circle&quot;}\" data-widget_type=\"form.default\">\n\t\t\t\t<div class=\"elementor-widget-container\">\n\t\t\t\t\t\t\t<form class=\"elementor-form\" method=\"post\" name=\"Porosit Sherbimin\" aria-label=\"Porosit Sherbimin\">\n\t\t\t<input type=\"hidden\" name=\"post_id\" value=\"34\"\/>\n\t\t\t<input type=\"hidden\" name=\"form_id\" value=\"76f4c16\"\/>\n\t\t\t<input type=\"hidden\" name=\"referer_title\" value=\"Kontakti - Flutra Webs\" \/>\n\n\t\t\t\t\t\t\t<input type=\"hidden\" name=\"queried_id\" value=\"34\"\/>\n\t\t\t\n\t\t\t<div class=\"elementor-form-fields-wrapper elementor-labels-\">\n\t\t\t\t\t\t\t\t<div class=\"elementor-field-type-text elementor-field-group elementor-column elementor-field-group-name elementor-col-50 elementor-field-required\">\n\t\t\t\t\t\t\t\t\t\t\t\t<label for=\"form-field-name\" class=\"elementor-field-label elementor-screen-only\">\n\t\t\t\t\t\t\t\tEmri\t\t\t\t\t\t\t<\/label>\n\t\t\t\t\t\t\t\t\t\t\t\t\t\t<input size=\"1\" type=\"text\" name=\"form_fields[name]\" id=\"form-field-name\" class=\"elementor-field elementor-size-sm  elementor-field-textual\" placeholder=\"Emri\" required=\"required\">\n\t\t\t\t\t\t\t\t\t\t\t<\/div>\n\t\t\t\t\t\t\t\t<div class=\"elementor-field-type-text elementor-field-group elementor-column elementor-field-group-field_2cc3a38 elementor-col-50 elementor-field-required\">\n\t\t\t\t\t\t\t\t\t\t\t\t<label for=\"form-field-field_2cc3a38\" class=\"elementor-field-label elementor-screen-only\">\n\t\t\t\t\t\t\t\tMbiemri\t\t\t\t\t\t\t<\/label>\n\t\t\t\t\t\t\t\t\t\t\t\t\t\t<input size=\"1\" type=\"text\" name=\"form_fields[field_2cc3a38]\" id=\"form-field-field_2cc3a38\" class=\"elementor-field elementor-size-sm  elementor-field-textual\" placeholder=\"Mbiemri\" required=\"required\">\n\t\t\t\t\t\t\t\t\t\t\t<\/div>\n\t\t\t\t\t\t\t\t<div class=\"elementor-field-type-tel elementor-field-group elementor-column elementor-field-group-field_36371a9 elementor-col-50 elementor-field-required\">\n\t\t\t\t\t\t\t\t\t\t\t\t<label for=\"form-field-field_36371a9\" class=\"elementor-field-label elementor-screen-only\">\n\t\t\t\t\t\t\t\tTelefon\t\t\t\t\t\t\t<\/label>\n\t\t\t\t\t\t\t\t<input size=\"1\" type=\"tel\" name=\"form_fields[field_36371a9]\" id=\"form-field-field_36371a9\" class=\"elementor-field elementor-size-sm  elementor-field-textual\" placeholder=\"Telefoni\" required=\"required\" pattern=\"[0-9()#&amp;+*-=.]+\" title=\"Es werden nur Zahlen und Telefonzeichen (#, -, * usw.) akzeptiert.\">\n\n\t\t\t\t\t\t<\/div>\n\t\t\t\t\t\t\t\t<div class=\"elementor-field-type-email elementor-field-group elementor-column elementor-field-group-email elementor-col-50 elementor-field-required\">\n\t\t\t\t\t\t\t\t\t\t\t\t<label for=\"form-field-email\" class=\"elementor-field-label elementor-screen-only\">\n\t\t\t\t\t\t\t\tEmail\t\t\t\t\t\t\t<\/label>\n\t\t\t\t\t\t\t\t\t\t\t\t\t\t<input size=\"1\" type=\"email\" name=\"form_fields[email]\" id=\"form-field-email\" class=\"elementor-field elementor-size-sm  elementor-field-textual\" placeholder=\"Email Adresa\" required=\"required\">\n\t\t\t\t\t\t\t\t\t\t\t<\/div>\n\t\t\t\t\t\t\t\t<div class=\"elementor-field-type-checkbox elementor-field-group elementor-column elementor-field-group-field_0475c92 elementor-col-50\">\n\t\t\t\t\t\t\t\t\t\t\t\t<label for=\"form-field-field_0475c92\" class=\"elementor-field-label elementor-screen-only\">\n\t\t\t\t\t\t\t\tZgjedh Sherbimin\t\t\t\t\t\t\t<\/label>\n\t\t\t\t\t\t<div class=\"elementor-field-subgroup  \"><span class=\"elementor-field-option\"><input type=\"checkbox\" value=\"Web Dizajn &amp; Zhvillim\" id=\"form-field-field_0475c92-0\" name=\"form_fields[field_0475c92][]\"> <label for=\"form-field-field_0475c92-0\">Web Dizajn & Zhvillim<\/label><\/span><span class=\"elementor-field-option\"><input type=\"checkbox\" value=\"Google Listing\" id=\"form-field-field_0475c92-1\" name=\"form_fields[field_0475c92][]\"> <label for=\"form-field-field_0475c92-1\">Google Listing<\/label><\/span><span class=\"elementor-field-option\"><input type=\"checkbox\" value=\"Logo Dizajn\" id=\"form-field-field_0475c92-2\" name=\"form_fields[field_0475c92][]\"> <label for=\"form-field-field_0475c92-2\">Logo Dizajn<\/label><\/span><span class=\"elementor-field-option\"><input type=\"checkbox\" value=\"Dizajne tjera grafike\" id=\"form-field-field_0475c92-3\" name=\"form_fields[field_0475c92][]\"> <label for=\"form-field-field_0475c92-3\">Dizajne tjera grafike<\/label><\/span><span class=\"elementor-field-option\"><input type=\"checkbox\" value=\"Rrjete Sociale  \" id=\"form-field-field_0475c92-4\" name=\"form_fields[field_0475c92][]\"> <label for=\"form-field-field_0475c92-4\">Rrjete Sociale  <\/label><\/span><\/div>\t\t\t\t<\/div>\n\t\t\t\t\t\t\t\t<div class=\"elementor-field-type-textarea elementor-field-group elementor-column elementor-field-group-message elementor-col-50\">\n\t\t\t\t\t\t\t\t\t\t\t\t<label for=\"form-field-message\" class=\"elementor-field-label elementor-screen-only\">\n\t\t\t\t\t\t\t\tMessage\t\t\t\t\t\t\t<\/label>\n\t\t\t\t\t\t<textarea class=\"elementor-field-textual elementor-field  elementor-size-sm\" name=\"form_fields[message]\" id=\"form-field-message\" rows=\"7\" placeholder=\"P\u00ebrshkruani k\u00ebrkesen tuaj\"><\/textarea>\t\t\t\t<\/div>\n\t\t\t\t\t\t\t\t<div class=\"elementor-field-type-recaptcha_v3 elementor-field-group elementor-column elementor-field-group-field_ec2331b elementor-col-100 recaptcha_v3-inline\">\n\t\t\t\t\t<div class=\"elementor-field\" id=\"form-field-field_ec2331b\"><div class=\"elementor-g-recaptcha\" data-sitekey=\"6Lc4iqEfAAAAADefjbfLVm8uPprw5X-Qmta8KRhx\" data-type=\"v3\" data-action=\"Form\" data-badge=\"inline\" data-size=\"invisible\"><\/div><\/div>\t\t\t\t<\/div>\n\t\t\t\t\t\t\t\t<div class=\"elementor-field-type-acceptance elementor-field-group elementor-column elementor-field-group-field_07735f5 elementor-col-100 elementor-field-required\">\n\t\t\t\t\t\t\t\t\t\t\t\t<label for=\"form-field-field_07735f5\" class=\"elementor-field-label elementor-screen-only\">\n\t\t\t\t\t\t\t\tPrivacy Policy\t\t\t\t\t\t\t<\/label>\n\t\t\t\t\t\t\t\t<div class=\"elementor-field-subgroup\">\n\t\t\t<span class=\"elementor-field-option\">\n\t\t\t\t<input type=\"checkbox\" name=\"form_fields[field_07735f5]\" id=\"form-field-field_07735f5\" class=\"elementor-field elementor-size-sm  elementor-acceptance-field\" required=\"required\" checked=\"checked\">\n\t\t\t\t<label for=\"form-field-field_07735f5\">I Agree to Privacy Policy<\/label>\t\t\t<\/span>\n\t\t<\/div>\n\t\t\t\t\t\t<\/div>\n\t\t\t\t\t\t\t\t<div class=\"elementor-field-group elementor-column elementor-field-type-submit elementor-col-100 e-form__buttons\">\n\t\t\t\t\t<button class=\"elementor-button elementor-size-sm\" type=\"submit\">\n\t\t\t\t\t\t<span class=\"elementor-button-content-wrapper\">\n\t\t\t\t\t\t\t\t\t\t\t\t\t\t\t\t\t\t\t\t\t\t<span class=\"elementor-button-text\">D\u00ebrgo K\u00ebrkesen<\/span>\n\t\t\t\t\t\t\t\t\t\t\t\t\t<\/span>\n\t\t\t\t\t<\/button>\n\t\t\t\t<\/div>\n\t\t\t<\/div>\n\t\t<\/form>\n\t\t\t\t\t\t<\/div>\n\t\t\t\t<\/div>\n\t\t\t\t<\/div>\n\t\t<div class=\"elementor-element elementor-element-5f00be7 e-con-full e-flex e-con e-child\" data-id=\"5f00be7\" data-element_type=\"container\" data-e-type=\"container\">\n\t\t\t\t<div class=\"elementor-element elementor-element-623da05 elementor-widget elementor-widget-heading\" data-id=\"623da05\" data-element_type=\"widget\" data-e-type=\"widget\" data-widget_type=\"heading.default\">\n\t\t\t\t<div class=\"elementor-widget-container\">\n\t\t\t\t\t<h2 class=\"elementor-heading-title elementor-size-default\">Informata Kontakti<\/h2>\t\t\t\t<\/div>\n\t\t\t\t<\/div>\n\t\t\t\t<div class=\"elementor-element elementor-element-7f0c7e8 elementor-widget elementor-widget-text-editor\" data-id=\"7f0c7e8\" data-element_type=\"widget\" data-e-type=\"widget\" data-widget_type=\"text-editor.default\">\n\t\t\t\t<div class=\"elementor-widget-container\">\n\t\t\t\t\t\t\t\t\t<p>Porosit sh\u00ebrbimin tuaj k\u00ebtu dhe ne do ju p\u00ebrgjigjemi shpejt\u00eb duke ju informuar p\u00ebr ofertat dhe \u00e7mimet e sh\u00ebrbimeve.<\/p><p>Ju falenderojm\u00eb p\u00ebr bashk\u00ebpunimin.<\/p>\t\t\t\t\t\t\t\t<\/div>\n\t\t\t\t<\/div>\n\t\t\t\t<div class=\"elementor-element elementor-element-4d1944a elementor-icon-list--layout-traditional elementor-list-item-link-full_width elementor-widget elementor-widget-icon-list\" data-id=\"4d1944a\" data-element_type=\"widget\" data-e-type=\"widget\" data-widget_type=\"icon-list.default\">\n\t\t\t\t<div class=\"elementor-widget-container\">\n\t\t\t\t\t\t\t<ul class=\"elementor-icon-list-items\">\n\t\t\t\t\t\t\t<li class=\"elementor-icon-list-item\">\n\t\t\t\t\t\t\t\t\t\t\t<span class=\"elementor-icon-list-icon\">\n\t\t\t\t\t\t\t<i aria-hidden=\"true\" class=\"fas fa-map-marker-alt\"><\/i>\t\t\t\t\t\t<\/span>\n\t\t\t\t\t\t\t\t\t\t<span class=\"elementor-icon-list-text\">Hysni Gashi, Kalabria, 10000 Pristina, Kosovo<\/span>\n\t\t\t\t\t\t\t\t\t<\/li>\n\t\t\t\t\t\t\t\t<li class=\"elementor-icon-list-item\">\n\t\t\t\t\t\t\t\t\t\t\t<a href=\"tel:%20+38349498709\">\n\n\t\t\t\t\t\t\t\t\t\t\t\t<span class=\"elementor-icon-list-icon\">\n\t\t\t\t\t\t\t<i aria-hidden=\"true\" class=\"fas fa-phone-square\"><\/i>\t\t\t\t\t\t<\/span>\n\t\t\t\t\t\t\t\t\t\t<span class=\"elementor-icon-list-text\">+383 49 498 709<\/span>\n\t\t\t\t\t\t\t\t\t\t\t<\/a>\n\t\t\t\t\t\t\t\t\t<\/li>\n\t\t\t\t\t\t\t\t<li class=\"elementor-icon-list-item\">\n\t\t\t\t\t\t\t\t\t\t\t<a href=\"http:\/\/+38349382639\">\n\n\t\t\t\t\t\t\t\t\t\t\t\t<span class=\"elementor-icon-list-icon\">\n\t\t\t\t\t\t\t<i aria-hidden=\"true\" class=\"fas fa-phone-square\"><\/i>\t\t\t\t\t\t<\/span>\n\t\t\t\t\t\t\t\t\t\t<span class=\"elementor-icon-list-text\">+383 49 382 639<\/span>\n\t\t\t\t\t\t\t\t\t\t\t<\/a>\n\t\t\t\t\t\t\t\t\t<\/li>\n\t\t\t\t\t\t\t\t<li class=\"elementor-icon-list-item\">\n\t\t\t\t\t\t\t\t\t\t\t<a href=\"mailto:info@flutra.com\">\n\n\t\t\t\t\t\t\t\t\t\t\t\t<span class=\"elementor-icon-list-icon\">\n\t\t\t\t\t\t\t<i aria-hidden=\"true\" class=\"fas fa-envelope\"><\/i>\t\t\t\t\t\t<\/span>\n\t\t\t\t\t\t\t\t\t\t<span class=\"elementor-icon-list-text\">info@flutra.com<\/span>\n\t\t\t\t\t\t\t\t\t\t\t<\/a>\n\t\t\t\t\t\t\t\t\t<\/li>\n\t\t\t\t\t\t<\/ul>\n\t\t\t\t\t\t<\/div>\n\t\t\t\t<\/div>\n\t\t\t\t<\/div>\n\t\t\t\t\t<\/div>\n\t\t\t\t<\/div>\n\t\t\t\t<\/div>\n\t\t","protected":false},"excerpt":{"rendered":"<p>Formular Kontakti Informata Kontakti Porosit sh\u00ebrbimin tuaj k\u00ebtu dhe ne do ju p\u00ebrgjigjemi shpejt\u00eb duke ju informuar p\u00ebr ofertat dhe \u00e7mimet e sh\u00ebrbimeve. Ju falenderojm\u00eb p\u00ebr bashk\u00ebpunimin. Hysni Gashi, Kalabria, 10000 Pristina, Kosovo +383 49 498 709 +383 49 382 639 info@flutra.com<\/p>","protected":false},"author":1,"featured_media":0,"parent":0,"menu_order":0,"comment_status":"closed","ping_status":"closed","template":"","meta":{"inline_featured_image":false,"footnotes":""},"class_list":["post-34","page","type-page","status-publish","hentry"],"yoast_head":"<!-- This site is optimized with the Yoast SEO Premium plugin v26.8 (Yoast SEO v27.5) - https:\/\/yoast.com\/product\/yoast-seo-premium-wordpress\/ -->\n<title>Kontakti - Flutra Webs<\/title>\n<meta name=\"description\" content=\"Flutra Webs ju ofron web faqe profesionale, logo dizajn, biznes karta, broshura, postera, rrjete sociale etj +383 49498709, info@flutra.com\" \/>\n<meta name=\"robots\" content=\"index, follow, max-snippet:-1, max-image-preview:large, max-video-preview:-1\" \/>\n<link rel=\"canonical\" href=\"https:\/\/flutra.com\/de\/kontakti\/\" \/>\n<meta property=\"og:locale\" content=\"de_DE\" \/>\n<meta property=\"og:type\" content=\"article\" \/>\n<meta property=\"og:title\" content=\"Kontakti\" \/>\n<meta property=\"og:description\" content=\"Flutra Webs ju ofron web faqe profesionale, logo dizajn, biznes karta, broshura, postera, rrjete sociale etj +383 49498709, info@flutra.com\" \/>\n<meta property=\"og:url\" content=\"https:\/\/flutra.com\/de\/kontakti\/\" \/>\n<meta property=\"og:site_name\" content=\"Flutra Webs\" \/>\n<meta property=\"article:publisher\" content=\"https:\/\/facebook.com\/flutrawebs\" \/>\n<meta property=\"article:modified_time\" content=\"2024-12-28T11:29:00+00:00\" \/>\n<meta name=\"twitter:card\" content=\"summary_large_image\" \/>\n<meta name=\"twitter:label1\" content=\"Gesch\u00e4tzte Lesezeit\" \/>\n\t<meta name=\"twitter:data1\" content=\"1\u00a0Minute\" \/>\n<script type=\"application\/ld+json\" class=\"yoast-schema-graph\">{\"@context\":\"https:\\\/\\\/schema.org\",\"@graph\":[{\"@type\":\"WebPage\",\"@id\":\"https:\\\/\\\/flutra.com\\\/kontakti\\\/\",\"url\":\"https:\\\/\\\/flutra.com\\\/kontakti\\\/\",\"name\":\"Kontakti - Flutra Webs\",\"isPartOf\":{\"@id\":\"https:\\\/\\\/flutra.com\\\/#website\"},\"datePublished\":\"2021-01-30T00:35:08+00:00\",\"dateModified\":\"2024-12-28T11:29:00+00:00\",\"description\":\"Flutra Webs ju ofron web faqe profesionale, logo dizajn, biznes karta, broshura, postera, rrjete sociale etj +383 49498709, info@flutra.com\",\"breadcrumb\":{\"@id\":\"https:\\\/\\\/flutra.com\\\/kontakti\\\/#breadcrumb\"},\"inLanguage\":\"de\",\"potentialAction\":[{\"@type\":\"ReadAction\",\"target\":[\"https:\\\/\\\/flutra.com\\\/kontakti\\\/\"]}]},{\"@type\":\"BreadcrumbList\",\"@id\":\"https:\\\/\\\/flutra.com\\\/kontakti\\\/#breadcrumb\",\"itemListElement\":[{\"@type\":\"ListItem\",\"position\":1,\"name\":\"Home\",\"item\":\"https:\\\/\\\/flutra.com\\\/\"},{\"@type\":\"ListItem\",\"position\":2,\"name\":\"Kontakti\"}]},{\"@type\":\"WebSite\",\"@id\":\"https:\\\/\\\/flutra.com\\\/#website\",\"url\":\"https:\\\/\\\/flutra.com\\\/\",\"name\":\"Flutra Webs\",\"description\":\"Web faqe profesionale, hosting, logo dizajn\",\"publisher\":{\"@id\":\"https:\\\/\\\/flutra.com\\\/#organization\"},\"potentialAction\":[{\"@type\":\"SearchAction\",\"target\":{\"@type\":\"EntryPoint\",\"urlTemplate\":\"https:\\\/\\\/flutra.com\\\/?s={search_term_string}\"},\"query-input\":{\"@type\":\"PropertyValueSpecification\",\"valueRequired\":true,\"valueName\":\"search_term_string\"}}],\"inLanguage\":\"de\"},{\"@type\":\"Organization\",\"@id\":\"https:\\\/\\\/flutra.com\\\/#organization\",\"name\":\"Flutra Webs\",\"url\":\"https:\\\/\\\/flutra.com\\\/\",\"logo\":{\"@type\":\"ImageObject\",\"inLanguage\":\"de\",\"@id\":\"https:\\\/\\\/flutra.com\\\/#\\\/schema\\\/logo\\\/image\\\/\",\"url\":\"https:\\\/\\\/flutra.com\\\/new\\\/wp-content\\\/uploads\\\/2021\\\/01\\\/flutra-new-logo-small.png\",\"contentUrl\":\"https:\\\/\\\/flutra.com\\\/new\\\/wp-content\\\/uploads\\\/2021\\\/01\\\/flutra-new-logo-small.png\",\"width\":800,\"height\":327,\"caption\":\"Flutra Webs\"},\"image\":{\"@id\":\"https:\\\/\\\/flutra.com\\\/#\\\/schema\\\/logo\\\/image\\\/\"},\"sameAs\":[\"https:\\\/\\\/facebook.com\\\/flutrawebs\"]}]}<\/script>\n<!-- \/ Yoast SEO Premium plugin. -->","yoast_head_json":{"title":"Kontakti - Flutra Webs","description":"Flutra Webs ju ofron web faqe profesionale, logo dizajn, biznes karta, broshura, postera, rrjete sociale etj +383 49498709, info@flutra.com","robots":{"index":"index","follow":"follow","max-snippet":"max-snippet:-1","max-image-preview":"max-image-preview:large","max-video-preview":"max-video-preview:-1"},"canonical":"https:\/\/flutra.com\/de\/kontakti\/","og_locale":"de_DE","og_type":"article","og_title":"Kontakti","og_description":"Flutra Webs ju ofron web faqe profesionale, logo dizajn, biznes karta, broshura, postera, rrjete sociale etj +383 49498709, info@flutra.com","og_url":"https:\/\/flutra.com\/de\/kontakti\/","og_site_name":"Flutra Webs","article_publisher":"https:\/\/facebook.com\/flutrawebs","article_modified_time":"2024-12-28T11:29:00+00:00","twitter_card":"summary_large_image","twitter_misc":{"Gesch\u00e4tzte Lesezeit":"1\u00a0Minute"},"schema":{"@context":"https:\/\/schema.org","@graph":[{"@type":"WebPage","@id":"https:\/\/flutra.com\/kontakti\/","url":"https:\/\/flutra.com\/kontakti\/","name":"Kontakti - Flutra Webs","isPartOf":{"@id":"https:\/\/flutra.com\/#website"},"datePublished":"2021-01-30T00:35:08+00:00","dateModified":"2024-12-28T11:29:00+00:00","description":"Flutra Webs ju ofron web faqe profesionale, logo dizajn, biznes karta, broshura, postera, rrjete sociale etj +383 49498709, info@flutra.com","breadcrumb":{"@id":"https:\/\/flutra.com\/kontakti\/#breadcrumb"},"inLanguage":"de","potentialAction":[{"@type":"ReadAction","target":["https:\/\/flutra.com\/kontakti\/"]}]},{"@type":"BreadcrumbList","@id":"https:\/\/flutra.com\/kontakti\/#breadcrumb","itemListElement":[{"@type":"ListItem","position":1,"name":"Home","item":"https:\/\/flutra.com\/"},{"@type":"ListItem","position":2,"name":"Kontakti"}]},{"@type":"WebSite","@id":"https:\/\/flutra.com\/#website","url":"https:\/\/flutra.com\/","name":"Flutra Webs","description":"Web faqe profesionale, hosting, logo dizajn","publisher":{"@id":"https:\/\/flutra.com\/#organization"},"potentialAction":[{"@type":"SearchAction","target":{"@type":"EntryPoint","urlTemplate":"https:\/\/flutra.com\/?s={search_term_string}"},"query-input":{"@type":"PropertyValueSpecification","valueRequired":true,"valueName":"search_term_string"}}],"inLanguage":"de"},{"@type":"Organization","@id":"https:\/\/flutra.com\/#organization","name":"Flutra Webs","url":"https:\/\/flutra.com\/","logo":{"@type":"ImageObject","inLanguage":"de","@id":"https:\/\/flutra.com\/#\/schema\/logo\/image\/","url":"https:\/\/flutra.com\/new\/wp-content\/uploads\/2021\/01\/flutra-new-logo-small.png","contentUrl":"https:\/\/flutra.com\/new\/wp-content\/uploads\/2021\/01\/flutra-new-logo-small.png","width":800,"height":327,"caption":"Flutra Webs"},"image":{"@id":"https:\/\/flutra.com\/#\/schema\/logo\/image\/"},"sameAs":["https:\/\/facebook.com\/flutrawebs"]}]}},"_links":{"self":[{"href":"https:\/\/flutra.com\/de\/wp-json\/wp\/v2\/pages\/34","targetHints":{"allow":["GET"]}}],"collection":[{"href":"https:\/\/flutra.com\/de\/wp-json\/wp\/v2\/pages"}],"about":[{"href":"https:\/\/flutra.com\/de\/wp-json\/wp\/v2\/types\/page"}],"author":[{"embeddable":true,"href":"https:\/\/flutra.com\/de\/wp-json\/wp\/v2\/users\/1"}],"replies":[{"embeddable":true,"href":"https:\/\/flutra.com\/de\/wp-json\/wp\/v2\/comments?post=34"}],"version-history":[{"count":5,"href":"https:\/\/flutra.com\/de\/wp-json\/wp\/v2\/pages\/34\/revisions"}],"predecessor-version":[{"id":2364,"href":"https:\/\/flutra.com\/de\/wp-json\/wp\/v2\/pages\/34\/revisions\/2364"}],"wp:attachment":[{"href":"https:\/\/flutra.com\/de\/wp-json\/wp\/v2\/media?parent=34"}],"curies":[{"name":"wp","href":"https:\/\/api.w.org\/{rel}","templated":true}]}}